{"id":10362,"date":"2023-09-19T06:57:29","date_gmt":"2023-09-19T06:57:29","guid":{"rendered":"https:\/\/nooteboomshop.com\/faq-n-points\/"},"modified":"2024-04-17T12:56:24","modified_gmt":"2024-04-17T12:56:24","slug":"faq-n-points","status":"publish","type":"page","link":"https:\/\/nooteboomshop.com\/de\/faq-n-points\/","title":{"rendered":"FAQ N-Punkte"},"content":{"rendered":"\t\t<div data-elementor-type=\"wp-page\" data-elementor-id=\"10362\" class=\"elementor elementor-10362 elementor-5537\">\n\t\t\t\t\t\t<section class=\"elementor-section elementor-top-section elementor-element elementor-element-32244cc1 elementor-section-boxed elementor-section-height-default elementor-section-height-default\" data-id=\"32244cc1\" data-element_type=\"section\" data-e-type=\"section\">\n\t\t\t\t\t\t<div class=\"elementor-container elementor-column-gap-default\">\n\t\t\t\t\t<div class=\"elementor-column elementor-col-100 elementor-top-column elementor-element elementor-element-4263288e\" data-id=\"4263288e\" data-element_type=\"column\" data-e-type=\"column\">\n\t\t\t<div class=\"elementor-widget-wrap elementor-element-populated\">\n\t\t\t\t\t\t<div class=\"elementor-element elementor-element-4411fc3 elementor-widget elementor-widget-heading\" data-id=\"4411fc3\" data-element_type=\"widget\" data-e-type=\"widget\" data-widget_type=\"heading.default\">\n\t\t\t\t<div class=\"elementor-widget-container\">\n\t\t\t\t\t<h1 class=\"elementor-heading-title elementor-size-default\">N-Punkte<\/h1>\t\t\t\t<\/div>\n\t\t\t\t<\/div>\n\t\t\t\t<div class=\"elementor-element elementor-element-df02c94 elementor-widget elementor-widget-heading\" data-id=\"df02c94\" data-element_type=\"widget\" data-e-type=\"widget\" data-widget_type=\"heading.default\">\n\t\t\t\t<div class=\"elementor-widget-container\">\n\t\t\t\t\t<h2 class=\"elementor-heading-title elementor-size-default\">Mit jedem Einkauf im Nooteboom Shop sammeln Sie automatisch Nooteboom-Punkte, d.h. N-Points. Sie k\u00f6nnen diese N-Points gegen einen Rabatt bei Ihrem n\u00e4chsten Einkauf einl\u00f6sen.<\/h2>\t\t\t\t<\/div>\n\t\t\t\t<\/div>\n\t\t\t\t<div class=\"elementor-element elementor-element-7fe5f82 elementor-widget elementor-widget-spacer\" data-id=\"7fe5f82\" data-element_type=\"widget\" data-e-type=\"widget\" data-widget_type=\"spacer.default\">\n\t\t\t\t<div class=\"elementor-widget-container\">\n\t\t\t\t\t\t\t<div class=\"elementor-spacer\">\n\t\t\t<div class=\"elementor-spacer-inner\"><\/div>\n\t\t<\/div>\n\t\t\t\t\t\t<\/div>\n\t\t\t\t<\/div>\n\t\t\t\t\t<\/div>\n\t\t<\/div>\n\t\t\t\t\t<\/div>\n\t\t<\/section>\n\t\t\t\t<section class=\"elementor-section elementor-top-section elementor-element elementor-element-6053385 elementor-section-boxed elementor-section-height-default elementor-section-height-default\" data-id=\"6053385\" data-element_type=\"section\" data-e-type=\"section\">\n\t\t\t\t\t\t<div class=\"elementor-container elementor-column-gap-wider\">\n\t\t\t\t\t<div class=\"elementor-column elementor-col-100 elementor-top-column elementor-element elementor-element-501dece\" data-id=\"501dece\" data-element_type=\"column\" data-e-type=\"column\">\n\t\t\t<div class=\"elementor-widget-wrap elementor-element-populated\">\n\t\t\t\t\t\t<div class=\"elementor-element elementor-element-39b418f elementor-widget elementor-widget-heading\" data-id=\"39b418f\" data-element_type=\"widget\" data-e-type=\"widget\" data-widget_type=\"heading.default\">\n\t\t\t\t<div class=\"elementor-widget-container\">\n\t\t\t\t\t<h2 class=\"elementor-heading-title elementor-size-default\">H\u00c4UFIG GESTELLTE FRAGEN<\/h2>\t\t\t\t<\/div>\n\t\t\t\t<\/div>\n\t\t\t\t<div class=\"elementor-element elementor-element-94224f1 elementor-widget elementor-widget-toggle\" data-id=\"94224f1\" data-element_type=\"widget\" data-e-type=\"widget\" data-widget_type=\"toggle.default\">\n\t\t\t\t<div class=\"elementor-widget-container\">\n\t\t\t\t\t\t\t<div class=\"elementor-toggle\">\n\t\t\t\t\t\t\t<div class=\"elementor-toggle-item\">\n\t\t\t\t\t<div id=\"elementor-tab-title-1551\" class=\"elementor-tab-title\" data-tab=\"1\" role=\"button\" aria-controls=\"elementor-tab-content-1551\" aria-expanded=\"false\">\n\t\t\t\t\t\t\t\t\t\t\t\t<span class=\"elementor-toggle-icon elementor-toggle-icon-left\" aria-hidden=\"true\">\n\t\t\t\t\t\t\t\t\t\t\t\t\t\t\t<span class=\"elementor-toggle-icon-closed\"><i class=\"fas fa-caret-right\"><\/i><\/span>\n\t\t\t\t\t\t\t\t<span class=\"elementor-toggle-icon-opened\"><i class=\"elementor-toggle-icon-opened fas fa-caret-up\"><\/i><\/span>\n\t\t\t\t\t\t\t\t\t\t\t\t\t<\/span>\n\t\t\t\t\t\t\t\t\t\t\t\t<a class=\"elementor-toggle-title\" tabindex=\"0\">WAS SIND N-PUNKTE?<\/a>\n\t\t\t\t\t<\/div>\n\n\t\t\t\t\t<div id=\"elementor-tab-content-1551\" class=\"elementor-tab-content elementor-clearfix\" data-tab=\"1\" role=\"region\" aria-labelledby=\"elementor-tab-title-1551\"><p>N-Points steht f\u00fcr Nooteboom-Punkte. Diese erhalten Sie kostenlos bei jedem Einkauf im Nooteboom Shop.<\/p>\n<\/div>\n\t\t\t\t<\/div>\n\t\t\t\t\t\t\t<div class=\"elementor-toggle-item\">\n\t\t\t\t\t<div id=\"elementor-tab-title-1552\" class=\"elementor-tab-title\" data-tab=\"2\" role=\"button\" aria-controls=\"elementor-tab-content-1552\" aria-expanded=\"false\">\n\t\t\t\t\t\t\t\t\t\t\t\t<span class=\"elementor-toggle-icon elementor-toggle-icon-left\" aria-hidden=\"true\">\n\t\t\t\t\t\t\t\t\t\t\t\t\t\t\t<span class=\"elementor-toggle-icon-closed\"><i class=\"fas fa-caret-right\"><\/i><\/span>\n\t\t\t\t\t\t\t\t<span class=\"elementor-toggle-icon-opened\"><i class=\"elementor-toggle-icon-opened fas fa-caret-up\"><\/i><\/span>\n\t\t\t\t\t\t\t\t\t\t\t\t\t<\/span>\n\t\t\t\t\t\t\t\t\t\t\t\t<a class=\"elementor-toggle-title\" tabindex=\"0\">WIE KANN ICH N-POINTS VERDIENEN?<\/a>\n\t\t\t\t\t<\/div>\n\n\t\t\t\t\t<div id=\"elementor-tab-content-1552\" class=\"elementor-tab-content elementor-clearfix\" data-tab=\"2\" role=\"region\" aria-labelledby=\"elementor-tab-title-1552\"><p>Mit jedem Einkauf im Nooteboom Shop sammeln Sie automatisch kostenlose N-Points.<\/p>\n<\/div>\n\t\t\t\t<\/div>\n\t\t\t\t\t\t\t<div class=\"elementor-toggle-item\">\n\t\t\t\t\t<div id=\"elementor-tab-title-1553\" class=\"elementor-tab-title\" data-tab=\"3\" role=\"button\" aria-controls=\"elementor-tab-content-1553\" aria-expanded=\"false\">\n\t\t\t\t\t\t\t\t\t\t\t\t<span class=\"elementor-toggle-icon elementor-toggle-icon-left\" aria-hidden=\"true\">\n\t\t\t\t\t\t\t\t\t\t\t\t\t\t\t<span class=\"elementor-toggle-icon-closed\"><i class=\"fas fa-caret-right\"><\/i><\/span>\n\t\t\t\t\t\t\t\t<span class=\"elementor-toggle-icon-opened\"><i class=\"elementor-toggle-icon-opened fas fa-caret-up\"><\/i><\/span>\n\t\t\t\t\t\t\t\t\t\t\t\t\t<\/span>\n\t\t\t\t\t\t\t\t\t\t\t\t<a class=\"elementor-toggle-title\" tabindex=\"0\">KANN ICH N-POINTS ALS GESCHENK ERHALTEN?<\/a>\n\t\t\t\t\t<\/div>\n\n\t\t\t\t\t<div id=\"elementor-tab-content-1553\" class=\"elementor-tab-content elementor-clearfix\" data-tab=\"3\" role=\"region\" aria-labelledby=\"elementor-tab-title-1553\"><p>Ja, das k\u00f6nnen Sie, und zwar auf verschiedene Weise.<\/p>\n<ul>\n<li>Zum Beispiel, indem Sie Ihren Geburtstag in Ihren Kontodaten angeben (falls Sie das nicht bereits getan haben). An Ihrem Geburtstag erhalten Sie zus\u00e4tzliche N-Punkte.<\/li>\n<li>Indem Sie Freunde einladen, ein Konto im Nooteboom Shop zu er\u00f6ffnen. Gehen Sie zu Konto und klicken Sie auf Punkte. Sobald der von Ihnen eingeladene Freund eine Bestellung aufgibt, werden wir Ihrem Konto 250 N-Points gutschreiben.<\/li>\n<li>Wenn Sie sich f\u00fcr den Nooteboom Shop Newsletter anmelden, erhalten Sie automatisch 250 N-Points.<\/li>\n<\/ul>\n<\/div>\n\t\t\t\t<\/div>\n\t\t\t\t\t\t\t<div class=\"elementor-toggle-item\">\n\t\t\t\t\t<div id=\"elementor-tab-title-1554\" class=\"elementor-tab-title\" data-tab=\"4\" role=\"button\" aria-controls=\"elementor-tab-content-1554\" aria-expanded=\"false\">\n\t\t\t\t\t\t\t\t\t\t\t\t<span class=\"elementor-toggle-icon elementor-toggle-icon-left\" aria-hidden=\"true\">\n\t\t\t\t\t\t\t\t\t\t\t\t\t\t\t<span class=\"elementor-toggle-icon-closed\"><i class=\"fas fa-caret-right\"><\/i><\/span>\n\t\t\t\t\t\t\t\t<span class=\"elementor-toggle-icon-opened\"><i class=\"elementor-toggle-icon-opened fas fa-caret-up\"><\/i><\/span>\n\t\t\t\t\t\t\t\t\t\t\t\t\t<\/span>\n\t\t\t\t\t\t\t\t\t\t\t\t<a class=\"elementor-toggle-title\" tabindex=\"0\">WIE VIELE N-PUNKTE BEKOMME ICH?<\/a>\n\t\t\t\t\t<\/div>\n\n\t\t\t\t\t<div id=\"elementor-tab-content-1554\" class=\"elementor-tab-content elementor-clearfix\" data-tab=\"4\" role=\"region\" aria-labelledby=\"elementor-tab-title-1554\"><p>F\u00fcr jeden Euro, den Sie im Nooteboom Shop ausgeben, erhalten Sie 2,5 N-Punkte. Als Silber-Mitglied erhalten Sie 5 N-Punkte pro Euro und ein Gold-Mitglied erh\u00e4lt 7,5 N-Punkte f\u00fcr jeden Euro.<\/p>\n<\/div>\n\t\t\t\t<\/div>\n\t\t\t\t\t\t\t<div class=\"elementor-toggle-item\">\n\t\t\t\t\t<div id=\"elementor-tab-title-1555\" class=\"elementor-tab-title\" data-tab=\"5\" role=\"button\" aria-controls=\"elementor-tab-content-1555\" aria-expanded=\"false\">\n\t\t\t\t\t\t\t\t\t\t\t\t<span class=\"elementor-toggle-icon elementor-toggle-icon-left\" aria-hidden=\"true\">\n\t\t\t\t\t\t\t\t\t\t\t\t\t\t\t<span class=\"elementor-toggle-icon-closed\"><i class=\"fas fa-caret-right\"><\/i><\/span>\n\t\t\t\t\t\t\t\t<span class=\"elementor-toggle-icon-opened\"><i class=\"elementor-toggle-icon-opened fas fa-caret-up\"><\/i><\/span>\n\t\t\t\t\t\t\t\t\t\t\t\t\t<\/span>\n\t\t\t\t\t\t\t\t\t\t\t\t<a class=\"elementor-toggle-title\" tabindex=\"0\">WIE VIEL RABATT BEKOMME ICH F\u00dcR EINEN N-PUNKT?<\/a>\n\t\t\t\t\t<\/div>\n\n\t\t\t\t\t<div id=\"elementor-tab-content-1555\" class=\"elementor-tab-content elementor-clearfix\" data-tab=\"5\" role=\"region\" aria-labelledby=\"elementor-tab-title-1555\"><p>F\u00fcr jeweils 100 N-Points erhalten Sie 1 \u20ac Rabatt.<\/p>\n<\/div>\n\t\t\t\t<\/div>\n\t\t\t\t\t\t\t<div class=\"elementor-toggle-item\">\n\t\t\t\t\t<div id=\"elementor-tab-title-1556\" class=\"elementor-tab-title\" data-tab=\"6\" role=\"button\" aria-controls=\"elementor-tab-content-1556\" aria-expanded=\"false\">\n\t\t\t\t\t\t\t\t\t\t\t\t<span class=\"elementor-toggle-icon elementor-toggle-icon-left\" aria-hidden=\"true\">\n\t\t\t\t\t\t\t\t\t\t\t\t\t\t\t<span class=\"elementor-toggle-icon-closed\"><i class=\"fas fa-caret-right\"><\/i><\/span>\n\t\t\t\t\t\t\t\t<span class=\"elementor-toggle-icon-opened\"><i class=\"elementor-toggle-icon-opened fas fa-caret-up\"><\/i><\/span>\n\t\t\t\t\t\t\t\t\t\t\t\t\t<\/span>\n\t\t\t\t\t\t\t\t\t\t\t\t<a class=\"elementor-toggle-title\" tabindex=\"0\">WIE KANN ICH HERAUSFINDEN, WIE VIELE N-PUNKTE ICH GESAMMELT HABE?<\/a>\n\t\t\t\t\t<\/div>\n\n\t\t\t\t\t<div id=\"elementor-tab-content-1556\" class=\"elementor-tab-content elementor-clearfix\" data-tab=\"6\" role=\"region\" aria-labelledby=\"elementor-tab-title-1556\"><p>Sie k\u00f6nnen dies \u00fcberpr\u00fcfen, indem Sie zu Ihrem Konto &#8211; N-Punkte gehen.<\/p>\n<\/div>\n\t\t\t\t<\/div>\n\t\t\t\t\t\t\t<div class=\"elementor-toggle-item\">\n\t\t\t\t\t<div id=\"elementor-tab-title-1557\" class=\"elementor-tab-title\" data-tab=\"7\" role=\"button\" aria-controls=\"elementor-tab-content-1557\" aria-expanded=\"false\">\n\t\t\t\t\t\t\t\t\t\t\t\t<span class=\"elementor-toggle-icon elementor-toggle-icon-left\" aria-hidden=\"true\">\n\t\t\t\t\t\t\t\t\t\t\t\t\t\t\t<span class=\"elementor-toggle-icon-closed\"><i class=\"fas fa-caret-right\"><\/i><\/span>\n\t\t\t\t\t\t\t\t<span class=\"elementor-toggle-icon-opened\"><i class=\"elementor-toggle-icon-opened fas fa-caret-up\"><\/i><\/span>\n\t\t\t\t\t\t\t\t\t\t\t\t\t<\/span>\n\t\t\t\t\t\t\t\t\t\t\t\t<a class=\"elementor-toggle-title\" tabindex=\"0\">KANN ICH MEINEN N-PUNKT-VERLAUF \u00dcBERPR\u00dcFEN?<\/a>\n\t\t\t\t\t<\/div>\n\n\t\t\t\t\t<div id=\"elementor-tab-content-1557\" class=\"elementor-tab-content elementor-clearfix\" data-tab=\"7\" role=\"region\" aria-labelledby=\"elementor-tab-title-1557\"><p>Ja, Sie k\u00f6nnen dies in Ihrem Konto &#8211; N-Punkte \u00fcberpr\u00fcfen.<\/p>\n<\/div>\n\t\t\t\t<\/div>\n\t\t\t\t\t\t\t<div class=\"elementor-toggle-item\">\n\t\t\t\t\t<div id=\"elementor-tab-title-1558\" class=\"elementor-tab-title\" data-tab=\"8\" role=\"button\" aria-controls=\"elementor-tab-content-1558\" aria-expanded=\"false\">\n\t\t\t\t\t\t\t\t\t\t\t\t<span class=\"elementor-toggle-icon elementor-toggle-icon-left\" aria-hidden=\"true\">\n\t\t\t\t\t\t\t\t\t\t\t\t\t\t\t<span class=\"elementor-toggle-icon-closed\"><i class=\"fas fa-caret-right\"><\/i><\/span>\n\t\t\t\t\t\t\t\t<span class=\"elementor-toggle-icon-opened\"><i class=\"elementor-toggle-icon-opened fas fa-caret-up\"><\/i><\/span>\n\t\t\t\t\t\t\t\t\t\t\t\t\t<\/span>\n\t\t\t\t\t\t\t\t\t\t\t\t<a class=\"elementor-toggle-title\" tabindex=\"0\">WOHER WEISS ICH, WIE VIELE N-PUNKTE ICH F\u00dcR EIN PRODUKT BEKOMME?<\/a>\n\t\t\t\t\t<\/div>\n\n\t\t\t\t\t<div id=\"elementor-tab-content-1558\" class=\"elementor-tab-content elementor-clearfix\" data-tab=\"8\" role=\"region\" aria-labelledby=\"elementor-tab-title-1558\"><p>Die Anzahl der N-Punkte, die Sie verdienen, ist auf jedem Produkt im Nooteboom Shop deutlich angegeben.<\/p>\n<\/div>\n\t\t\t\t<\/div>\n\t\t\t\t\t\t\t<div class=\"elementor-toggle-item\">\n\t\t\t\t\t<div id=\"elementor-tab-title-1559\" class=\"elementor-tab-title\" data-tab=\"9\" role=\"button\" aria-controls=\"elementor-tab-content-1559\" aria-expanded=\"false\">\n\t\t\t\t\t\t\t\t\t\t\t\t<span class=\"elementor-toggle-icon elementor-toggle-icon-left\" aria-hidden=\"true\">\n\t\t\t\t\t\t\t\t\t\t\t\t\t\t\t<span class=\"elementor-toggle-icon-closed\"><i class=\"fas fa-caret-right\"><\/i><\/span>\n\t\t\t\t\t\t\t\t<span class=\"elementor-toggle-icon-opened\"><i class=\"elementor-toggle-icon-opened fas fa-caret-up\"><\/i><\/span>\n\t\t\t\t\t\t\t\t\t\t\t\t\t<\/span>\n\t\t\t\t\t\t\t\t\t\t\t\t<a class=\"elementor-toggle-title\" tabindex=\"0\">WANN KANN ICH MEINE N-POINTS EINL\u00d6SEN?<\/a>\n\t\t\t\t\t<\/div>\n\n\t\t\t\t\t<div id=\"elementor-tab-content-1559\" class=\"elementor-tab-content elementor-clearfix\" data-tab=\"9\" role=\"region\" aria-labelledby=\"elementor-tab-title-1559\"><p>Sie k\u00f6nnen die gesammelten N-Points bei Ihrem n\u00e4chsten Einkauf einl\u00f6sen.<\/p>\n<\/div>\n\t\t\t\t<\/div>\n\t\t\t\t\t\t\t<div class=\"elementor-toggle-item\">\n\t\t\t\t\t<div id=\"elementor-tab-title-15510\" class=\"elementor-tab-title\" data-tab=\"10\" role=\"button\" aria-controls=\"elementor-tab-content-15510\" aria-expanded=\"false\">\n\t\t\t\t\t\t\t\t\t\t\t\t<span class=\"elementor-toggle-icon elementor-toggle-icon-left\" aria-hidden=\"true\">\n\t\t\t\t\t\t\t\t\t\t\t\t\t\t\t<span class=\"elementor-toggle-icon-closed\"><i class=\"fas fa-caret-right\"><\/i><\/span>\n\t\t\t\t\t\t\t\t<span class=\"elementor-toggle-icon-opened\"><i class=\"elementor-toggle-icon-opened fas fa-caret-up\"><\/i><\/span>\n\t\t\t\t\t\t\t\t\t\t\t\t\t<\/span>\n\t\t\t\t\t\t\t\t\t\t\t\t<a class=\"elementor-toggle-title\" tabindex=\"0\">  WIE KANN ICH AUSW\u00c4HLEN, WIE VIELE N-PUNKTE ICH EINL\u00d6SEN M\u00d6CHTE?<\/a>\n\t\t\t\t\t<\/div>\n\n\t\t\t\t\t<div id=\"elementor-tab-content-15510\" class=\"elementor-tab-content elementor-clearfix\" data-tab=\"10\" role=\"region\" aria-labelledby=\"elementor-tab-title-15510\"><p>Wenn Sie zur Kasse gehen, sehen Sie einen kleinen roten Balken in Ihrem Warenkorb. Schieben Sie den roten Punkt entlang der Leiste, um anzugeben, wie viele N-Punkte Sie an der Kasse einl\u00f6sen m\u00f6chten. Der Rabatt wird sofort in Ihrem Einkaufskorb abgezogen.<\/p>\n<\/div>\n\t\t\t\t<\/div>\n\t\t\t\t\t\t\t<div class=\"elementor-toggle-item\">\n\t\t\t\t\t<div id=\"elementor-tab-title-15511\" class=\"elementor-tab-title\" data-tab=\"11\" role=\"button\" aria-controls=\"elementor-tab-content-15511\" aria-expanded=\"false\">\n\t\t\t\t\t\t\t\t\t\t\t\t<span class=\"elementor-toggle-icon elementor-toggle-icon-left\" aria-hidden=\"true\">\n\t\t\t\t\t\t\t\t\t\t\t\t\t\t\t<span class=\"elementor-toggle-icon-closed\"><i class=\"fas fa-caret-right\"><\/i><\/span>\n\t\t\t\t\t\t\t\t<span class=\"elementor-toggle-icon-opened\"><i class=\"elementor-toggle-icon-opened fas fa-caret-up\"><\/i><\/span>\n\t\t\t\t\t\t\t\t\t\t\t\t\t<\/span>\n\t\t\t\t\t\t\t\t\t\t\t\t<a class=\"elementor-toggle-title\" tabindex=\"0\">MUSS ICH F\u00dcR JEDEN EINKAUF N-POINTS EINL\u00d6SEN?<\/a>\n\t\t\t\t\t<\/div>\n\n\t\t\t\t\t<div id=\"elementor-tab-content-15511\" class=\"elementor-tab-content elementor-clearfix\" data-tab=\"11\" role=\"region\" aria-labelledby=\"elementor-tab-title-15511\"><p>Nein, es liegt an Ihnen, ob Sie Ihre N-Punkte verwenden und wenn ja, wie viele. Sie k\u00f6nnen jedoch nie mehr N-Punkte verwenden, als Sie gesammelt haben oder die mehr wert sind als Ihr Kauf.<\/p>\n<\/div>\n\t\t\t\t<\/div>\n\t\t\t\t\t\t\t<div class=\"elementor-toggle-item\">\n\t\t\t\t\t<div id=\"elementor-tab-title-15512\" class=\"elementor-tab-title\" data-tab=\"12\" role=\"button\" aria-controls=\"elementor-tab-content-15512\" aria-expanded=\"false\">\n\t\t\t\t\t\t\t\t\t\t\t\t<span class=\"elementor-toggle-icon elementor-toggle-icon-left\" aria-hidden=\"true\">\n\t\t\t\t\t\t\t\t\t\t\t\t\t\t\t<span class=\"elementor-toggle-icon-closed\"><i class=\"fas fa-caret-right\"><\/i><\/span>\n\t\t\t\t\t\t\t\t<span class=\"elementor-toggle-icon-opened\"><i class=\"elementor-toggle-icon-opened fas fa-caret-up\"><\/i><\/span>\n\t\t\t\t\t\t\t\t\t\t\t\t\t<\/span>\n\t\t\t\t\t\t\t\t\t\t\t\t<a class=\"elementor-toggle-title\" tabindex=\"0\">WAS BEDEUTET MEIN MITGLIEDSSTATUS?<\/a>\n\t\t\t\t\t<\/div>\n\n\t\t\t\t\t<div id=\"elementor-tab-content-15512\" class=\"elementor-tab-content elementor-clearfix\" data-tab=\"12\" role=\"region\" aria-labelledby=\"elementor-tab-title-15512\"><p>Jeder f\u00e4ngt als Bronze-Mitglied an, aber wenn Sie mehr im Nooteboom Shop ausgeben, k\u00f6nnen Sie ein Silber- oder sogar ein Gold-Mitglied werden. Je h\u00f6her Ihr Status, desto mehr Punkte erhalten Sie.<\/p>\n<\/div>\n\t\t\t\t<\/div>\n\t\t\t\t\t\t\t<div class=\"elementor-toggle-item\">\n\t\t\t\t\t<div id=\"elementor-tab-title-15513\" class=\"elementor-tab-title\" data-tab=\"13\" role=\"button\" aria-controls=\"elementor-tab-content-15513\" aria-expanded=\"false\">\n\t\t\t\t\t\t\t\t\t\t\t\t<span class=\"elementor-toggle-icon elementor-toggle-icon-left\" aria-hidden=\"true\">\n\t\t\t\t\t\t\t\t\t\t\t\t\t\t\t<span class=\"elementor-toggle-icon-closed\"><i class=\"fas fa-caret-right\"><\/i><\/span>\n\t\t\t\t\t\t\t\t<span class=\"elementor-toggle-icon-opened\"><i class=\"elementor-toggle-icon-opened fas fa-caret-up\"><\/i><\/span>\n\t\t\t\t\t\t\t\t\t\t\t\t\t<\/span>\n\t\t\t\t\t\t\t\t\t\t\t\t<a class=\"elementor-toggle-title\" tabindex=\"0\">SAMMLE ICH MEHR N-PUNKTE MIT EINEM H\u00d6HEREN MITGLIEDSSTATUS?<\/a>\n\t\t\t\t\t<\/div>\n\n\t\t\t\t\t<div id=\"elementor-tab-content-15513\" class=\"elementor-tab-content elementor-clearfix\" data-tab=\"13\" role=\"region\" aria-labelledby=\"elementor-tab-title-15513\"><p>Ja, das tun Sie: Wenn Sie Bronze-Mitglied sind, erhalten Sie 2,5 N-Punkte pro 1 \u20ac. Als Silber-Mitglied bringt Ihnen 1 \u20ac 5 N-Punkte ein und ein Gold-Mitglied sammelt 7,5 N-Punkte pro 1 \u20ac.<\/p>\n<\/div>\n\t\t\t\t<\/div>\n\t\t\t\t\t\t\t<div class=\"elementor-toggle-item\">\n\t\t\t\t\t<div id=\"elementor-tab-title-15514\" class=\"elementor-tab-title\" data-tab=\"14\" role=\"button\" aria-controls=\"elementor-tab-content-15514\" aria-expanded=\"false\">\n\t\t\t\t\t\t\t\t\t\t\t\t<span class=\"elementor-toggle-icon elementor-toggle-icon-left\" aria-hidden=\"true\">\n\t\t\t\t\t\t\t\t\t\t\t\t\t\t\t<span class=\"elementor-toggle-icon-closed\"><i class=\"fas fa-caret-right\"><\/i><\/span>\n\t\t\t\t\t\t\t\t<span class=\"elementor-toggle-icon-opened\"><i class=\"elementor-toggle-icon-opened fas fa-caret-up\"><\/i><\/span>\n\t\t\t\t\t\t\t\t\t\t\t\t\t<\/span>\n\t\t\t\t\t\t\t\t\t\t\t\t<a class=\"elementor-toggle-title\" tabindex=\"0\">WIE LANGE BLEIBEN MEINE N-PUNKTE G\u00dcLTIG?<\/a>\n\t\t\t\t\t<\/div>\n\n\t\t\t\t\t<div id=\"elementor-tab-content-15514\" class=\"elementor-tab-content elementor-clearfix\" data-tab=\"14\" role=\"region\" aria-labelledby=\"elementor-tab-title-15514\"><p>Ihre Punkte werden Ihr ganzes Leben lang g\u00fcltig bleiben. Bei der Berechnung Ihres Status werden jedoch Ihre Eink\u00e4ufe der letzten 12 Monate ber\u00fccksichtigt. Wenn Sie Gefahr laufen, Ihren Status zu verlieren, werden wir Sie vier Wochen im Voraus benachrichtigen.<\/p>\n<\/div>\n\t\t\t\t<\/div>\n\t\t\t\t\t\t\t\t\t\t<script type=\"application\/ld+json\">{\"@context\":\"https:\\\/\\\/schema.org\",\"@type\":\"FAQPage\",\"mainEntity\":[{\"@type\":\"Question\",\"name\":\"WAS SIND N-PUNKTE?\",\"acceptedAnswer\":{\"@type\":\"Answer\",\"text\":\"<p>N-Points steht f\\u00fcr Nooteboom-Punkte. Diese erhalten Sie kostenlos bei jedem Einkauf im Nooteboom Shop.<\\\/p>\\n\"}},{\"@type\":\"Question\",\"name\":\"WIE KANN ICH N-POINTS VERDIENEN?\",\"acceptedAnswer\":{\"@type\":\"Answer\",\"text\":\"<p>Mit jedem Einkauf im Nooteboom Shop sammeln Sie automatisch kostenlose N-Points.<\\\/p>\\n\"}},{\"@type\":\"Question\",\"name\":\"KANN ICH N-POINTS ALS GESCHENK ERHALTEN?\",\"acceptedAnswer\":{\"@type\":\"Answer\",\"text\":\"<p>Ja, das k\\u00f6nnen Sie, und zwar auf verschiedene Weise.<\\\/p>\\n<ul>\\n<li>Zum Beispiel, indem Sie Ihren Geburtstag in Ihren Kontodaten angeben (falls Sie das nicht bereits getan haben). An Ihrem Geburtstag erhalten Sie zus\\u00e4tzliche N-Punkte.<\\\/li>\\n<li>Indem Sie Freunde einladen, ein Konto im Nooteboom Shop zu er\\u00f6ffnen. Gehen Sie zu Konto und klicken Sie auf Punkte. Sobald der von Ihnen eingeladene Freund eine Bestellung aufgibt, werden wir Ihrem Konto 250 N-Points gutschreiben.<\\\/li>\\n<li>Wenn Sie sich f\\u00fcr den Nooteboom Shop Newsletter anmelden, erhalten Sie automatisch 250 N-Points.<\\\/li>\\n<\\\/ul>\\n\"}},{\"@type\":\"Question\",\"name\":\"WIE VIELE N-PUNKTE BEKOMME ICH?\",\"acceptedAnswer\":{\"@type\":\"Answer\",\"text\":\"<p>F\\u00fcr jeden Euro, den Sie im Nooteboom Shop ausgeben, erhalten Sie 2,5 N-Punkte. Als Silber-Mitglied erhalten Sie 5 N-Punkte pro Euro und ein Gold-Mitglied erh\\u00e4lt 7,5 N-Punkte f\\u00fcr jeden Euro.<\\\/p>\\n\"}},{\"@type\":\"Question\",\"name\":\"WIE VIEL RABATT BEKOMME ICH F\\u00dcR EINEN N-PUNKT?\",\"acceptedAnswer\":{\"@type\":\"Answer\",\"text\":\"<p>F\\u00fcr jeweils 100 N-Points erhalten Sie 1 \\u20ac Rabatt.<\\\/p>\\n\"}},{\"@type\":\"Question\",\"name\":\"WIE KANN ICH HERAUSFINDEN, WIE VIELE N-PUNKTE ICH GESAMMELT HABE?\",\"acceptedAnswer\":{\"@type\":\"Answer\",\"text\":\"<p>Sie k\\u00f6nnen dies \\u00fcberpr\\u00fcfen, indem Sie zu Ihrem Konto &#8211; N-Punkte gehen.<\\\/p>\\n\"}},{\"@type\":\"Question\",\"name\":\"KANN ICH MEINEN N-PUNKT-VERLAUF \\u00dcBERPR\\u00dcFEN?\",\"acceptedAnswer\":{\"@type\":\"Answer\",\"text\":\"<p>Ja, Sie k\\u00f6nnen dies in Ihrem Konto &#8211; N-Punkte \\u00fcberpr\\u00fcfen.<\\\/p>\\n\"}},{\"@type\":\"Question\",\"name\":\"WOHER WEISS ICH, WIE VIELE N-PUNKTE ICH F\\u00dcR EIN PRODUKT BEKOMME?\",\"acceptedAnswer\":{\"@type\":\"Answer\",\"text\":\"<p>Die Anzahl der N-Punkte, die Sie verdienen, ist auf jedem Produkt im Nooteboom Shop deutlich angegeben.<\\\/p>\\n\"}},{\"@type\":\"Question\",\"name\":\"WANN KANN ICH MEINE N-POINTS EINL\\u00d6SEN?\",\"acceptedAnswer\":{\"@type\":\"Answer\",\"text\":\"<p>Sie k\\u00f6nnen die gesammelten N-Points bei Ihrem n\\u00e4chsten Einkauf einl\\u00f6sen.<\\\/p>\\n\"}},{\"@type\":\"Question\",\"name\":\"WIE KANN ICH AUSW\\u00c4HLEN, WIE VIELE N-PUNKTE ICH EINL\\u00d6SEN M\\u00d6CHTE?\",\"acceptedAnswer\":{\"@type\":\"Answer\",\"text\":\"<p>Wenn Sie zur Kasse gehen, sehen Sie einen kleinen roten Balken in Ihrem Warenkorb. Schieben Sie den roten Punkt entlang der Leiste, um anzugeben, wie viele N-Punkte Sie an der Kasse einl\\u00f6sen m\\u00f6chten. Der Rabatt wird sofort in Ihrem Einkaufskorb abgezogen.<\\\/p>\\n\"}},{\"@type\":\"Question\",\"name\":\"MUSS ICH F\\u00dcR JEDEN EINKAUF N-POINTS EINL\\u00d6SEN?\",\"acceptedAnswer\":{\"@type\":\"Answer\",\"text\":\"<p>Nein, es liegt an Ihnen, ob Sie Ihre N-Punkte verwenden und wenn ja, wie viele. Sie k\\u00f6nnen jedoch nie mehr N-Punkte verwenden, als Sie gesammelt haben oder die mehr wert sind als Ihr Kauf.<\\\/p>\\n\"}},{\"@type\":\"Question\",\"name\":\"WAS BEDEUTET MEIN MITGLIEDSSTATUS?\",\"acceptedAnswer\":{\"@type\":\"Answer\",\"text\":\"<p>Jeder f\\u00e4ngt als Bronze-Mitglied an, aber wenn Sie mehr im Nooteboom Shop ausgeben, k\\u00f6nnen Sie ein Silber- oder sogar ein Gold-Mitglied werden. Je h\\u00f6her Ihr Status, desto mehr Punkte erhalten Sie.<\\\/p>\\n\"}},{\"@type\":\"Question\",\"name\":\"SAMMLE ICH MEHR N-PUNKTE MIT EINEM H\\u00d6HEREN MITGLIEDSSTATUS?\",\"acceptedAnswer\":{\"@type\":\"Answer\",\"text\":\"<p>Ja, das tun Sie: Wenn Sie Bronze-Mitglied sind, erhalten Sie 2,5 N-Punkte pro 1 \\u20ac. Als Silber-Mitglied bringt Ihnen 1 \\u20ac 5 N-Punkte ein und ein Gold-Mitglied sammelt 7,5 N-Punkte pro 1 \\u20ac.<\\\/p>\\n\"}},{\"@type\":\"Question\",\"name\":\"WIE LANGE BLEIBEN MEINE N-PUNKTE G\\u00dcLTIG?\",\"acceptedAnswer\":{\"@type\":\"Answer\",\"text\":\"<p>Ihre Punkte werden Ihr ganzes Leben lang g\\u00fcltig bleiben. Bei der Berechnung Ihres Status werden jedoch Ihre Eink\\u00e4ufe der letzten 12 Monate ber\\u00fccksichtigt. Wenn Sie Gefahr laufen, Ihren Status zu verlieren, werden wir Sie vier Wochen im Voraus benachrichtigen.<\\\/p>\\n\"}}]}<\/script>\n\t\t\t\t\t<\/div>\n\t\t\t\t\t\t<\/div>\n\t\t\t\t<\/div>\n\t\t\t\t\t<\/div>\n\t\t<\/div>\n\t\t\t\t\t<\/div>\n\t\t<\/section>\n\t\t\t\t<\/div>\n\t\t","protected":false},"excerpt":{"rendered":"<p>N-Punkte Mit jedem Einkauf im Nooteboom Shop sammeln Sie automatisch Nooteboom-Punkte, d.h. N-Points. Sie k\u00f6nnen diese N-Points gegen einen Rabatt bei Ihrem n\u00e4chsten Einkauf einl\u00f6sen. H\u00c4UFIG GESTELLTE FRAGEN WAS SIND N-PUNKTE? N-Points steht f\u00fcr Nooteboom-Punkte. Diese erhalten Sie kostenlos bei jedem Einkauf im Nooteboom Shop. WIE KANN ICH N-POINTS VERDIENEN? Mit jedem Einkauf im Nooteboom [&hellip;]<\/p>\n","protected":false},"author":1,"featured_media":0,"parent":0,"menu_order":0,"comment_status":"closed","ping_status":"closed","template":"elementor_header_footer","meta":{"_acf_changed":false,"footnotes":""},"class_list":["post-10362","page","type-page","status-publish","hentry"],"acf":[],"_links":{"self":[{"href":"https:\/\/nooteboomshop.com\/de\/wp-json\/wp\/v2\/pages\/10362","targetHints":{"allow":["GET"]}}],"collection":[{"href":"https:\/\/nooteboomshop.com\/de\/wp-json\/wp\/v2\/pages"}],"about":[{"href":"https:\/\/nooteboomshop.com\/de\/wp-json\/wp\/v2\/types\/page"}],"author":[{"embeddable":true,"href":"https:\/\/nooteboomshop.com\/de\/wp-json\/wp\/v2\/users\/1"}],"replies":[{"embeddable":true,"href":"https:\/\/nooteboomshop.com\/de\/wp-json\/wp\/v2\/comments?post=10362"}],"version-history":[{"count":0,"href":"https:\/\/nooteboomshop.com\/de\/wp-json\/wp\/v2\/pages\/10362\/revisions"}],"wp:attachment":[{"href":"https:\/\/nooteboomshop.com\/de\/wp-json\/wp\/v2\/media?parent=10362"}],"curies":[{"name":"wp","href":"https:\/\/api.w.org\/{rel}","templated":true}]}}