{"id":10374,"date":"2023-03-10T16:12:10","date_gmt":"2023-03-10T16:12:10","guid":{"rendered":"https:\/\/nooteboomshop.com\/privacy-policy\/"},"modified":"2024-06-08T15:13:25","modified_gmt":"2024-06-08T15:13:25","slug":"datenschutzbestimmungen","status":"publish","type":"page","link":"https:\/\/nooteboomshop.com\/de\/datenschutzbestimmungen\/","title":{"rendered":"Datenschutzbestimmungen"},"content":{"rendered":"\t\t<div data-elementor-type=\"wp-page\" data-elementor-id=\"10374\" class=\"elementor elementor-10374 elementor-3\">\n\t\t\t\t\t\t<section class=\"elementor-section elementor-top-section elementor-element elementor-element-174c7df elementor-section-boxed elementor-section-height-default elementor-section-height-default\" data-id=\"174c7df\" data-element_type=\"section\" data-e-type=\"section\">\n\t\t\t\t\t\t<div class=\"elementor-container elementor-column-gap-default\">\n\t\t\t\t\t<div class=\"elementor-column elementor-col-100 elementor-top-column elementor-element elementor-element-828d4d7\" data-id=\"828d4d7\" data-element_type=\"column\" data-e-type=\"column\">\n\t\t\t<div class=\"elementor-widget-wrap elementor-element-populated\">\n\t\t\t\t\t\t<div class=\"elementor-element elementor-element-373ef34 elementor-widget elementor-widget-heading\" data-id=\"373ef34\" data-element_type=\"widget\" data-e-type=\"widget\" data-widget_type=\"heading.default\">\n\t\t\t\t<div class=\"elementor-widget-container\">\n\t\t\t\t\t<h1 class=\"elementor-heading-title elementor-size-default\">Datenschutzbestimmungen<\/h1>\t\t\t\t<\/div>\n\t\t\t\t<\/div>\n\t\t\t\t<div class=\"elementor-element elementor-element-50e175c elementor-widget elementor-widget-heading\" data-id=\"50e175c\" data-element_type=\"widget\" data-e-type=\"widget\" data-widget_type=\"heading.default\">\n\t\t\t\t<div class=\"elementor-widget-container\">\n\t\t\t\t\t<h2 class=\"elementor-heading-title elementor-size-default\">Bei jeder Nutzung von NOOTEBOOMSHOP.COM gilt diese Datenschutzerkl\u00e4rung von Industrial Merchandising Concepts (IMC) B.V.. Wenn Sie eine Bestellung im Shop aufgeben, erkl\u00e4ren Sie sich mit dieser Datenschutzerkl\u00e4rung einverstanden. Diese Datenschutzerkl\u00e4rung gilt f\u00fcr Daten, die von IMC \u00fcber den Gro\u00dfteil dieser Website gesammelt werden. Sie gilt nicht f\u00fcr die IMC-Websites, -Dienstleistungen und -Produkte, die ihre eigenen Datenschutzerkl\u00e4rungen haben.<\/h2>\t\t\t\t<\/div>\n\t\t\t\t<\/div>\n\t\t\t\t<div class=\"elementor-element elementor-element-03675ec elementor-widget elementor-widget-spacer\" data-id=\"03675ec\" data-element_type=\"widget\" data-e-type=\"widget\" data-widget_type=\"spacer.default\">\n\t\t\t\t<div class=\"elementor-widget-container\">\n\t\t\t\t\t\t\t<div class=\"elementor-spacer\">\n\t\t\t<div class=\"elementor-spacer-inner\"><\/div>\n\t\t<\/div>\n\t\t\t\t\t\t<\/div>\n\t\t\t\t<\/div>\n\t\t\t\t\t<\/div>\n\t\t<\/div>\n\t\t\t\t\t<\/div>\n\t\t<\/section>\n\t\t\t\t<section class=\"elementor-section elementor-top-section elementor-element elementor-element-7c6b0882 elementor-section-boxed elementor-section-height-default elementor-section-height-default\" data-id=\"7c6b0882\" data-element_type=\"section\" data-e-type=\"section\">\n\t\t\t\t\t\t<div class=\"elementor-container elementor-column-gap-default\">\n\t\t\t\t\t<div class=\"elementor-column elementor-col-100 elementor-top-column elementor-element elementor-element-73add378\" data-id=\"73add378\" data-element_type=\"column\" data-e-type=\"column\">\n\t\t\t<div class=\"elementor-widget-wrap elementor-element-populated\">\n\t\t\t\t\t\t<div class=\"elementor-element elementor-element-715bce63 elementor-widget elementor-widget-text-editor\" data-id=\"715bce63\" data-element_type=\"widget\" data-e-type=\"widget\" data-widget_type=\"text-editor.default\">\n\t\t\t\t<div class=\"elementor-widget-container\">\n\t\t\t\t\t\t\t\t\t<p>Industrial Merchandising Concepts (IMC) bv, mit Sitz in Peppelkade 23, 3992 AL, Houten, Niederlande, ist verantwortlich f\u00fcr die Verarbeitung der in dieser Datenschutzerkl\u00e4rung aufgef\u00fchrten personenbezogenen Daten.<\/p>\n<p><strong>Kontaktinformationen:<\/strong><br \/>www.nooteboomshop.com<br \/>info@nooteboomshop.com<br \/>Peppelkade 23<br \/>3992 AL, Houten<br \/>die Niederlande<br \/>+31 (0) 30 721 0660<\/p>\n<p>P. Eggermont ist der Datenschutzbeauftragte von Industrial Merchandising Concepts (IMC) bv. Sie kann \u00fcber pien.eggermont@imcbranding.eu erreicht werden.<\/p>\n<h3> <\/h3>\n<h3>Pers\u00f6nliche Daten, die wir verarbeiten<\/h3>\n<p>Industrial Merchandising Concepts (IMC) bv verarbeitet Ihre pers\u00f6nlichen Daten, weil Sie unsere Dienste nutzen und\/oder weil Sie sie selbst zur Verf\u00fcgung stellen.<\/p>\n<p>Nachstehend finden Sie einen \u00dcberblick \u00fcber die von uns verarbeiteten personenbezogenen Daten:<\/p>\n<ul>\n<li>Vor- und Nachname<\/li>\n<li>Adressdaten<\/li>\n<li>Rufnummer<\/li>\n<li>E-Mail Adresse<\/li>\n<li>Standortdaten<\/li>\n<li>Informationen \u00fcber Ihre Aktivit\u00e4ten auf unserer Website<\/li>\n<li>Internet-Browser und Ger\u00e4tetyp<\/li>\n<li>Bankkontonummer<\/li>\n<\/ul>\n<h3> <\/h3>\n<h3>Besondere und \/ oder sensible pers\u00f6nliche Daten, die wir verarbeiten<\/h3>\n<p>Unsere Website und\/oder unser Service beabsichtigt nicht, Daten \u00fcber Website-Besucher zu sammeln, die j\u00fcnger als 16 Jahre sind. Es sei denn, sie haben die Erlaubnis der Eltern oder Erziehungsberechtigten. Wir k\u00f6nnen jedoch nicht \u00fcberpr\u00fcfen, ob ein Besucher \u00e4lter als 16 Jahre ist. Wir ermutigen Eltern, sich an den Online-Aktivit\u00e4ten ihrer Kinder zu beteiligen, um zu verhindern, dass Daten \u00fcber Kinder ohne elterliche Zustimmung gesammelt werden. Wenn Sie der \u00dcberzeugung sind, dass wir ohne diese Erlaubnis pers\u00f6nliche Daten \u00fcber einen Minderj\u00e4hrigen gesammelt haben, kontaktieren Sie uns bitte \u00fcber info@imcmodels.eu, dann werden wir diese Daten l\u00f6schen.<\/p>\n<p>Zu welchem Zweck und auf welcher Grundlage wir personenbezogene Daten verarbeiten<br \/>Industrial Merchandising Concepts (IMC) bv verarbeitet Ihre personenbezogenen Daten f\u00fcr die folgenden Zwecke:<\/p>\n<ul>\n<li>Abwicklung Ihrer Zahlung<\/li>\n<li>Versand unseres Newsletters und \/ oder unserer Werbebrosch\u00fcre<\/li>\n<li>Sie k\u00f6nnen uns bei Bedarf anrufen oder eine E-Mail schicken, um unsere Dienste in Anspruch zu nehmen<\/li>\n<li>Sie \u00fcber \u00c4nderungen an unseren Dienstleistungen und Produkten zu informieren<\/li>\n<li>Erlaubt Ihnen, ein Konto zu erstellen<\/li>\n<li>Um Ihnen Waren und Dienstleistungen zu liefern<\/li>\n<li>Industrial Merchandising Concepts (IMC) bv verarbeitet auch personenbezogene Daten, wenn wir gesetzlich dazu verpflichtet sind, wie zum Beispiel Informationen, die wir f\u00fcr unsere Steuererkl\u00e4rung ben\u00f6tigen.<\/li>\n<\/ul>\n<h3> <\/h3>\n<h3>Automatisierte Entscheidungsfindung<\/h3>\n<p>Industrial Merchandising Concepts (IMC) bv trifft keine Entscheidungen auf der Grundlage automatisierter Verarbeitung in Angelegenheiten, die (erhebliche) Auswirkungen auf Personen haben k\u00f6nnen. Dabei handelt es sich um Entscheidungen, die von Computerprogrammen oder -systemen getroffen werden, ohne dass ein Mensch (zum Beispiel ein Mitarbeiter von Industrial Merchandising Concepts (IMC)) beteiligt ist.<\/p>\n<h3> <\/h3>\n<h3>Wie lange wir pers\u00f6nliche Daten speichern<\/h3>\n<p>Industrial Merchandising Concepts (IMC) zum Beispiel speichert Ihre pers\u00f6nlichen Daten nicht l\u00e4nger als unbedingt notwendig, um die Zwecke, f\u00fcr die Ihre Daten erhoben wurden, zu erf\u00fcllen. Wir verwenden die folgenden Aufbewahrungsfristen f\u00fcr die folgenden (Kategorien) von personenbezogenen Daten:<\/p>\n<p>Pers\u00f6nliche Daten, pers\u00f6nliche Daten, Adresse und so weiter.  &gt;  36 Monate<br \/>Wir speichern Ihre Daten, um Sie bei einer sp\u00e4teren Bestellung zu unterst\u00fctzen. Wenn Sie m\u00f6chten, dass wir diese Informationen fr\u00fcher l\u00f6schen, k\u00f6nnen Sie uns \u00fcber die oben genannten Kontaktdaten kontaktieren<\/p>\n<h3> <\/h3>\n<h3>Weitergabe pers\u00f6nlicher Daten an Dritte<\/h3>\n<p>Industrial Merchandising Concepts (IMC) bv verkauft Ihre Daten nicht an Dritte und stellt sie nur zur Verf\u00fcgung, wenn dies f\u00fcr die Ausf\u00fchrung unseres Vertrags mit Ihnen oder zur Erf\u00fcllung einer gesetzlichen Verpflichtung erforderlich ist. Mit Unternehmen, die Ihre Daten in unserem Auftrag verarbeiten, schlie\u00dfen wir einen Auftragsverarbeitungsvertrag ab, um das gleiche Niveau an Sicherheit und Vertraulichkeit Ihrer Daten zu gew\u00e4hrleisten. Industrial Merchandising Concepts (IMC) bv bleibt f\u00fcr diese Verarbeitungsprozesse verantwortlich.<\/p>\n<h3> <\/h3>\n<h3>Cookies oder \u00e4hnliche Techniken, die wir verwenden<\/h3>\n<p>Industrial Merchandising Concepts (IMC) bv verwendet nur technische und funktionale Cookies. Und analytische Cookies, die Ihre Privatsph\u00e4re nicht verletzen. Ein Cookie ist eine kleine Textdatei, die auf Ihrem Computer, Tablet oder Smartphone gespeichert wird, wenn Sie diese Website zum ersten Mal besuchen. Die von uns verwendeten Cookies sind f\u00fcr den technischen Betrieb der Website und Ihre Benutzerfreundlichkeit erforderlich. Sie sorgen daf\u00fcr, dass die Website ordnungsgem\u00e4\u00df funktioniert und merken sich z.B. Ihre Pr\u00e4ferenzen. Wir k\u00f6nnen damit auch unsere Website optimieren. Sie k\u00f6nnen Cookies ablehnen, indem Sie Ihren Internetbrowser so einstellen, dass er keine Cookies mehr speichert. Dar\u00fcber hinaus k\u00f6nnen Sie auch alle zuvor gespeicherten Informationen \u00fcber die Einstellungen Ihres Browsers l\u00f6schen.<\/p>\n<h3> <\/h3>\n<h3>Daten ansehen, \u00e4ndern oder l\u00f6schen<\/h3>\n<p>Sie haben das Recht, Ihre pers\u00f6nlichen Daten einzusehen, zu korrigieren oder zu l\u00f6schen. Sie k\u00f6nnen dies selbst \u00fcber die pers\u00f6nlichen Einstellungen Ihres Kontos tun. Dar\u00fcber hinaus haben Sie das Recht, Ihre Zustimmung zur Datenverarbeitung zu widerrufen oder der Verarbeitung Ihrer personenbezogenen Daten durch unser Unternehmen zu widersprechen, und Sie haben das Recht auf Daten\u00fcbertragbarkeit. Das bedeutet, dass Sie uns auffordern k\u00f6nnen, die pers\u00f6nlichen Daten, die wir in Ihrer Computerdatei haben, an Sie oder eine andere von Ihnen genannte Organisation zu senden.<\/p>\n<p>Wenn Sie Ihr Widerspruchsrecht und \/ oder Ihr Recht auf Daten\u00fcbertragbarkeit aus\u00fcben m\u00f6chten oder wenn Sie andere Fragen \/ Anmerkungen zur Datenverarbeitung haben, senden Sie bitte eine spezifizierte Anfrage an info@imcmodels.eu.<\/p>\n<p>Um sicherzustellen, dass der Antrag auf Zugang von Ihnen gestellt wurde, bitten wir Sie, dem Antrag eine Kopie Ihres Ausweises beizuf\u00fcgen. Machen Sie Ihr Passfoto, die MRZ (maschinenlesbare Zone, der Streifen mit Zahlen am unteren Rand des Passes), die Passnummer und die B\u00fcrgerservicenummer (BSN) in dieser Kopie schwarz. Dies dient dem Schutz Ihrer Privatsph\u00e4re. Industrial Merchandising Concepts (IMC) bv wird Ihre Anfrage so schnell wie m\u00f6glich beantworten, in jedem Fall aber innerhalb von vier Wochen.<\/p>\n<p>Industrial Merchandising Concepts (IMC) bv m\u00f6chte Sie auch darauf hinweisen, dass Sie die M\u00f6glichkeit haben, eine Beschwerde bei der nationalen Aufsichtsbeh\u00f6rde, der niederl\u00e4ndischen Datenschutzbeh\u00f6rde, einzureichen. Dies k\u00f6nnen Sie \u00fcber den folgenden Link tun: https:\/\/autoriteitpersoonsgegevens.nl\/nl\/contact-met-de-autoriteit-persoonsgegevens\/tip-ons<\/p>\n<h3> <\/h3>\n<h3>Wie wir pers\u00f6nliche Daten sch\u00fctzen<\/h3>\n<p>Industrial Merchandising Concepts (IMC) zum Beispiel nimmt den Schutz Ihrer Daten ernst und ergreift geeignete Ma\u00dfnahmen, um Missbrauch, Verlust, unbefugten Zugriff, unerw\u00fcnschte Offenlegung und unbefugte \u00c4nderung zu verhindern. Wenn Sie den Eindruck haben, dass Ihre Daten nicht sicher sind oder es Anzeichen f\u00fcr einen Missbrauch gibt, wenden Sie sich bitte an unseren Kundenservice oder \u00fcber info@nooteboomshop.com<\/p>\n\t\t\t\t\t\t\t\t<\/div>\n\t\t\t\t<\/div>\n\t\t\t\t\t<\/div>\n\t\t<\/div>\n\t\t\t\t\t<\/div>\n\t\t<\/section>\n\t\t\t\t<\/div>\n\t\t","protected":false},"excerpt":{"rendered":"<p>Datenschutzbestimmungen Bei jeder Nutzung von NOOTEBOOMSHOP.COM gilt diese Datenschutzerkl\u00e4rung von Industrial Merchandising Concepts (IMC) B.V.. Wenn Sie eine Bestellung im Shop aufgeben, erkl\u00e4ren Sie sich mit dieser Datenschutzerkl\u00e4rung einverstanden. Diese Datenschutzerkl\u00e4rung gilt f\u00fcr Daten, die von IMC \u00fcber den Gro\u00dfteil dieser Website gesammelt werden. Sie gilt nicht f\u00fcr die IMC-Websites, -Dienstleistungen und -Produkte, die ihre [&hellip;]<\/p>\n","protected":false},"author":1,"featured_media":0,"parent":0,"menu_order":0,"comment_status":"closed","ping_status":"closed","template":"","meta":{"_acf_changed":false,"footnotes":""},"class_list":["post-10374","page","type-page","status-publish","hentry"],"acf":[],"_links":{"self":[{"href":"https:\/\/nooteboomshop.com\/de\/wp-json\/wp\/v2\/pages\/10374","targetHints":{"allow":["GET"]}}],"collection":[{"href":"https:\/\/nooteboomshop.com\/de\/wp-json\/wp\/v2\/pages"}],"about":[{"href":"https:\/\/nooteboomshop.com\/de\/wp-json\/wp\/v2\/types\/page"}],"author":[{"embeddable":true,"href":"https:\/\/nooteboomshop.com\/de\/wp-json\/wp\/v2\/users\/1"}],"replies":[{"embeddable":true,"href":"https:\/\/nooteboomshop.com\/de\/wp-json\/wp\/v2\/comments?post=10374"}],"version-history":[{"count":2,"href":"https:\/\/nooteboomshop.com\/de\/wp-json\/wp\/v2\/pages\/10374\/revisions"}],"predecessor-version":[{"id":11894,"href":"https:\/\/nooteboomshop.com\/de\/wp-json\/wp\/v2\/pages\/10374\/revisions\/11894"}],"wp:attachment":[{"href":"https:\/\/nooteboomshop.com\/de\/wp-json\/wp\/v2\/media?parent=10374"}],"curies":[{"name":"wp","href":"https:\/\/api.w.org\/{rel}","templated":true}]}}