{"id":10361,"date":"2023-09-19T06:57:29","date_gmt":"2023-09-19T06:57:29","guid":{"rendered":"https:\/\/nooteboomshop.com\/faq-n-points\/"},"modified":"2024-04-17T12:56:24","modified_gmt":"2024-04-17T12:56:24","slug":"faq-n-points","status":"publish","type":"page","link":"https:\/\/nooteboomshop.com\/fr\/faq-n-points\/","title":{"rendered":"FAQ N-Points"},"content":{"rendered":"\t\t<div data-elementor-type=\"wp-page\" data-elementor-id=\"10361\" class=\"elementor elementor-10361 elementor-5537\">\n\t\t\t\t\t\t<section class=\"elementor-section elementor-top-section elementor-element elementor-element-32244cc1 elementor-section-boxed elementor-section-height-default elementor-section-height-default\" data-id=\"32244cc1\" data-element_type=\"section\" data-e-type=\"section\">\n\t\t\t\t\t\t<div class=\"elementor-container elementor-column-gap-default\">\n\t\t\t\t\t<div class=\"elementor-column elementor-col-100 elementor-top-column elementor-element elementor-element-4263288e\" data-id=\"4263288e\" data-element_type=\"column\" data-e-type=\"column\">\n\t\t\t<div class=\"elementor-widget-wrap elementor-element-populated\">\n\t\t\t\t\t\t<div class=\"elementor-element elementor-element-4411fc3 elementor-widget elementor-widget-heading\" data-id=\"4411fc3\" data-element_type=\"widget\" data-e-type=\"widget\" data-widget_type=\"heading.default\">\n\t\t\t\t<div class=\"elementor-widget-container\">\n\t\t\t\t\t<h1 class=\"elementor-heading-title elementor-size-default\">N-Points<\/h1>\t\t\t\t<\/div>\n\t\t\t\t<\/div>\n\t\t\t\t<div class=\"elementor-element elementor-element-df02c94 elementor-widget elementor-widget-heading\" data-id=\"df02c94\" data-element_type=\"widget\" data-e-type=\"widget\" data-widget_type=\"heading.default\">\n\t\t\t\t<div class=\"elementor-widget-container\">\n\t\t\t\t\t<h2 class=\"elementor-heading-title elementor-size-default\">Chaque fois que vous effectuez un achat dans la boutique Nooteboom, vous collectez automatiquement des points Nooteboom, c'est-\u00e0-dire des N-Points. Vous pouvez \u00e9changer ces N-Points contre une r\u00e9duction sur votre prochain achat.<\/h2>\t\t\t\t<\/div>\n\t\t\t\t<\/div>\n\t\t\t\t<div class=\"elementor-element elementor-element-7fe5f82 elementor-widget elementor-widget-spacer\" data-id=\"7fe5f82\" data-element_type=\"widget\" data-e-type=\"widget\" data-widget_type=\"spacer.default\">\n\t\t\t\t<div class=\"elementor-widget-container\">\n\t\t\t\t\t\t\t<div class=\"elementor-spacer\">\n\t\t\t<div class=\"elementor-spacer-inner\"><\/div>\n\t\t<\/div>\n\t\t\t\t\t\t<\/div>\n\t\t\t\t<\/div>\n\t\t\t\t\t<\/div>\n\t\t<\/div>\n\t\t\t\t\t<\/div>\n\t\t<\/section>\n\t\t\t\t<section class=\"elementor-section elementor-top-section elementor-element elementor-element-6053385 elementor-section-boxed elementor-section-height-default elementor-section-height-default\" data-id=\"6053385\" data-element_type=\"section\" data-e-type=\"section\">\n\t\t\t\t\t\t<div class=\"elementor-container elementor-column-gap-wider\">\n\t\t\t\t\t<div class=\"elementor-column elementor-col-100 elementor-top-column elementor-element elementor-element-501dece\" data-id=\"501dece\" data-element_type=\"column\" data-e-type=\"column\">\n\t\t\t<div class=\"elementor-widget-wrap elementor-element-populated\">\n\t\t\t\t\t\t<div class=\"elementor-element elementor-element-39b418f elementor-widget elementor-widget-heading\" data-id=\"39b418f\" data-element_type=\"widget\" data-e-type=\"widget\" data-widget_type=\"heading.default\">\n\t\t\t\t<div class=\"elementor-widget-container\">\n\t\t\t\t\t<h2 class=\"elementor-heading-title elementor-size-default\">QUESTIONS FR\u00c9QUEMMENT POS\u00c9ES<\/h2>\t\t\t\t<\/div>\n\t\t\t\t<\/div>\n\t\t\t\t<div class=\"elementor-element elementor-element-94224f1 elementor-widget elementor-widget-toggle\" data-id=\"94224f1\" data-element_type=\"widget\" data-e-type=\"widget\" data-widget_type=\"toggle.default\">\n\t\t\t\t<div class=\"elementor-widget-container\">\n\t\t\t\t\t\t\t<div class=\"elementor-toggle\">\n\t\t\t\t\t\t\t<div class=\"elementor-toggle-item\">\n\t\t\t\t\t<div id=\"elementor-tab-title-1551\" class=\"elementor-tab-title\" data-tab=\"1\" role=\"button\" aria-controls=\"elementor-tab-content-1551\" aria-expanded=\"false\">\n\t\t\t\t\t\t\t\t\t\t\t\t<span class=\"elementor-toggle-icon elementor-toggle-icon-left\" aria-hidden=\"true\">\n\t\t\t\t\t\t\t\t\t\t\t\t\t\t\t<span class=\"elementor-toggle-icon-closed\"><i class=\"fas fa-caret-right\"><\/i><\/span>\n\t\t\t\t\t\t\t\t<span class=\"elementor-toggle-icon-opened\"><i class=\"elementor-toggle-icon-opened fas fa-caret-up\"><\/i><\/span>\n\t\t\t\t\t\t\t\t\t\t\t\t\t<\/span>\n\t\t\t\t\t\t\t\t\t\t\t\t<a class=\"elementor-toggle-title\" tabindex=\"0\">QUE SONT LES N-POINTS ?<\/a>\n\t\t\t\t\t<\/div>\n\n\t\t\t\t\t<div id=\"elementor-tab-content-1551\" class=\"elementor-tab-content elementor-clearfix\" data-tab=\"1\" role=\"region\" aria-labelledby=\"elementor-tab-title-1551\"><p>N-Points signifie points Nooteboom. Vous les recevez gratuitement avec chaque achat dans la boutique Nooteboom.<\/p>\n<\/div>\n\t\t\t\t<\/div>\n\t\t\t\t\t\t\t<div class=\"elementor-toggle-item\">\n\t\t\t\t\t<div id=\"elementor-tab-title-1552\" class=\"elementor-tab-title\" data-tab=\"2\" role=\"button\" aria-controls=\"elementor-tab-content-1552\" aria-expanded=\"false\">\n\t\t\t\t\t\t\t\t\t\t\t\t<span class=\"elementor-toggle-icon elementor-toggle-icon-left\" aria-hidden=\"true\">\n\t\t\t\t\t\t\t\t\t\t\t\t\t\t\t<span class=\"elementor-toggle-icon-closed\"><i class=\"fas fa-caret-right\"><\/i><\/span>\n\t\t\t\t\t\t\t\t<span class=\"elementor-toggle-icon-opened\"><i class=\"elementor-toggle-icon-opened fas fa-caret-up\"><\/i><\/span>\n\t\t\t\t\t\t\t\t\t\t\t\t\t<\/span>\n\t\t\t\t\t\t\t\t\t\t\t\t<a class=\"elementor-toggle-title\" tabindex=\"0\">COMMENT GAGNER DES N-POINTS ?<\/a>\n\t\t\t\t\t<\/div>\n\n\t\t\t\t\t<div id=\"elementor-tab-content-1552\" class=\"elementor-tab-content elementor-clearfix\" data-tab=\"2\" role=\"region\" aria-labelledby=\"elementor-tab-title-1552\"><p>Pour chaque achat effectu\u00e9 dans la boutique Nooteboom, vous recevez automatiquement des N-Points gratuits.<\/p>\n<\/div>\n\t\t\t\t<\/div>\n\t\t\t\t\t\t\t<div class=\"elementor-toggle-item\">\n\t\t\t\t\t<div id=\"elementor-tab-title-1553\" class=\"elementor-tab-title\" data-tab=\"3\" role=\"button\" aria-controls=\"elementor-tab-content-1553\" aria-expanded=\"false\">\n\t\t\t\t\t\t\t\t\t\t\t\t<span class=\"elementor-toggle-icon elementor-toggle-icon-left\" aria-hidden=\"true\">\n\t\t\t\t\t\t\t\t\t\t\t\t\t\t\t<span class=\"elementor-toggle-icon-closed\"><i class=\"fas fa-caret-right\"><\/i><\/span>\n\t\t\t\t\t\t\t\t<span class=\"elementor-toggle-icon-opened\"><i class=\"elementor-toggle-icon-opened fas fa-caret-up\"><\/i><\/span>\n\t\t\t\t\t\t\t\t\t\t\t\t\t<\/span>\n\t\t\t\t\t\t\t\t\t\t\t\t<a class=\"elementor-toggle-title\" tabindex=\"0\">PUIS-JE RECEVOIR DES N-POINTS EN CADEAU ?<\/a>\n\t\t\t\t\t<\/div>\n\n\t\t\t\t\t<div id=\"elementor-tab-content-1553\" class=\"elementor-tab-content elementor-clearfix\" data-tab=\"3\" role=\"region\" aria-labelledby=\"elementor-tab-title-1553\"><p>Oui, vous pouvez le faire de plusieurs mani\u00e8res.<\/p>\n<ul>\n<li>Par exemple, en indiquant votre date d&rsquo;anniversaire dans les d\u00e9tails de votre compte (si vous ne l&rsquo;avez pas d\u00e9j\u00e0 fait). Vous recevrez des N-Points suppl\u00e9mentaires le jour de votre anniversaire.<\/li>\n<li>En invitant des amis \u00e0 ouvrir un compte dans la boutique Nooteboom. Allez dans Compte et cliquez sur Points. D\u00e8s que l&rsquo;ami que vous avez invit\u00e9 passe une commande, nous ajoutons 250 N-Points \u00e0 votre compte.<\/li>\n<li>En vous inscrivant \u00e0 la newsletter de Nooteboom Shop, vous recevrez automatiquement 250 N-Points.<\/li>\n<\/ul>\n<\/div>\n\t\t\t\t<\/div>\n\t\t\t\t\t\t\t<div class=\"elementor-toggle-item\">\n\t\t\t\t\t<div id=\"elementor-tab-title-1554\" class=\"elementor-tab-title\" data-tab=\"4\" role=\"button\" aria-controls=\"elementor-tab-content-1554\" aria-expanded=\"false\">\n\t\t\t\t\t\t\t\t\t\t\t\t<span class=\"elementor-toggle-icon elementor-toggle-icon-left\" aria-hidden=\"true\">\n\t\t\t\t\t\t\t\t\t\t\t\t\t\t\t<span class=\"elementor-toggle-icon-closed\"><i class=\"fas fa-caret-right\"><\/i><\/span>\n\t\t\t\t\t\t\t\t<span class=\"elementor-toggle-icon-opened\"><i class=\"elementor-toggle-icon-opened fas fa-caret-up\"><\/i><\/span>\n\t\t\t\t\t\t\t\t\t\t\t\t\t<\/span>\n\t\t\t\t\t\t\t\t\t\t\t\t<a class=\"elementor-toggle-title\" tabindex=\"0\">COMBIEN DE N-POINTS DOIS-JE OBTENIR ?<\/a>\n\t\t\t\t\t<\/div>\n\n\t\t\t\t\t<div id=\"elementor-tab-content-1554\" class=\"elementor-tab-content elementor-clearfix\" data-tab=\"4\" role=\"region\" aria-labelledby=\"elementor-tab-title-1554\"><p>Pour chaque euro d\u00e9pens\u00e9 dans la boutique Nooteboom, vous recevez 2,5 N-Points. En tant que membre Silver, vous gagnez 5 N-Points par euro et un membre Gold re\u00e7oit 7,5 N-Points pour chaque euro.<\/p>\n<\/div>\n\t\t\t\t<\/div>\n\t\t\t\t\t\t\t<div class=\"elementor-toggle-item\">\n\t\t\t\t\t<div id=\"elementor-tab-title-1555\" class=\"elementor-tab-title\" data-tab=\"5\" role=\"button\" aria-controls=\"elementor-tab-content-1555\" aria-expanded=\"false\">\n\t\t\t\t\t\t\t\t\t\t\t\t<span class=\"elementor-toggle-icon elementor-toggle-icon-left\" aria-hidden=\"true\">\n\t\t\t\t\t\t\t\t\t\t\t\t\t\t\t<span class=\"elementor-toggle-icon-closed\"><i class=\"fas fa-caret-right\"><\/i><\/span>\n\t\t\t\t\t\t\t\t<span class=\"elementor-toggle-icon-opened\"><i class=\"elementor-toggle-icon-opened fas fa-caret-up\"><\/i><\/span>\n\t\t\t\t\t\t\t\t\t\t\t\t\t<\/span>\n\t\t\t\t\t\t\t\t\t\t\t\t<a class=\"elementor-toggle-title\" tabindex=\"0\">QUEL EST LE MONTANT DE LA REMISE POUR UN POINT N ?<\/a>\n\t\t\t\t\t<\/div>\n\n\t\t\t\t\t<div id=\"elementor-tab-content-1555\" class=\"elementor-tab-content elementor-clearfix\" data-tab=\"5\" role=\"region\" aria-labelledby=\"elementor-tab-title-1555\"><p>Pour chaque tranche de 100 N-Points, vous b\u00e9n\u00e9ficiez d&rsquo;une r\u00e9duction de 1 \u20ac.<\/p>\n<\/div>\n\t\t\t\t<\/div>\n\t\t\t\t\t\t\t<div class=\"elementor-toggle-item\">\n\t\t\t\t\t<div id=\"elementor-tab-title-1556\" class=\"elementor-tab-title\" data-tab=\"6\" role=\"button\" aria-controls=\"elementor-tab-content-1556\" aria-expanded=\"false\">\n\t\t\t\t\t\t\t\t\t\t\t\t<span class=\"elementor-toggle-icon elementor-toggle-icon-left\" aria-hidden=\"true\">\n\t\t\t\t\t\t\t\t\t\t\t\t\t\t\t<span class=\"elementor-toggle-icon-closed\"><i class=\"fas fa-caret-right\"><\/i><\/span>\n\t\t\t\t\t\t\t\t<span class=\"elementor-toggle-icon-opened\"><i class=\"elementor-toggle-icon-opened fas fa-caret-up\"><\/i><\/span>\n\t\t\t\t\t\t\t\t\t\t\t\t\t<\/span>\n\t\t\t\t\t\t\t\t\t\t\t\t<a class=\"elementor-toggle-title\" tabindex=\"0\">COMMENT SAVOIR COMBIEN DE N-POINTS J'AI COLLECT\u00c9S ?<\/a>\n\t\t\t\t\t<\/div>\n\n\t\t\t\t\t<div id=\"elementor-tab-content-1556\" class=\"elementor-tab-content elementor-clearfix\" data-tab=\"6\" role=\"region\" aria-labelledby=\"elementor-tab-title-1556\"><p>Vous pouvez le v\u00e9rifier en allant dans votre compte &#8211; N-Points.<\/p>\n<\/div>\n\t\t\t\t<\/div>\n\t\t\t\t\t\t\t<div class=\"elementor-toggle-item\">\n\t\t\t\t\t<div id=\"elementor-tab-title-1557\" class=\"elementor-tab-title\" data-tab=\"7\" role=\"button\" aria-controls=\"elementor-tab-content-1557\" aria-expanded=\"false\">\n\t\t\t\t\t\t\t\t\t\t\t\t<span class=\"elementor-toggle-icon elementor-toggle-icon-left\" aria-hidden=\"true\">\n\t\t\t\t\t\t\t\t\t\t\t\t\t\t\t<span class=\"elementor-toggle-icon-closed\"><i class=\"fas fa-caret-right\"><\/i><\/span>\n\t\t\t\t\t\t\t\t<span class=\"elementor-toggle-icon-opened\"><i class=\"elementor-toggle-icon-opened fas fa-caret-up\"><\/i><\/span>\n\t\t\t\t\t\t\t\t\t\t\t\t\t<\/span>\n\t\t\t\t\t\t\t\t\t\t\t\t<a class=\"elementor-toggle-title\" tabindex=\"0\">PUIS-JE CONSULTER L'HISTORIQUE DE MES POINTS N ?<\/a>\n\t\t\t\t\t<\/div>\n\n\t\t\t\t\t<div id=\"elementor-tab-content-1557\" class=\"elementor-tab-content elementor-clearfix\" data-tab=\"7\" role=\"region\" aria-labelledby=\"elementor-tab-title-1557\"><p>Oui, vous pouvez le v\u00e9rifier en allant sur votre compte &#8211; N-Points.<\/p>\n<\/div>\n\t\t\t\t<\/div>\n\t\t\t\t\t\t\t<div class=\"elementor-toggle-item\">\n\t\t\t\t\t<div id=\"elementor-tab-title-1558\" class=\"elementor-tab-title\" data-tab=\"8\" role=\"button\" aria-controls=\"elementor-tab-content-1558\" aria-expanded=\"false\">\n\t\t\t\t\t\t\t\t\t\t\t\t<span class=\"elementor-toggle-icon elementor-toggle-icon-left\" aria-hidden=\"true\">\n\t\t\t\t\t\t\t\t\t\t\t\t\t\t\t<span class=\"elementor-toggle-icon-closed\"><i class=\"fas fa-caret-right\"><\/i><\/span>\n\t\t\t\t\t\t\t\t<span class=\"elementor-toggle-icon-opened\"><i class=\"elementor-toggle-icon-opened fas fa-caret-up\"><\/i><\/span>\n\t\t\t\t\t\t\t\t\t\t\t\t\t<\/span>\n\t\t\t\t\t\t\t\t\t\t\t\t<a class=\"elementor-toggle-title\" tabindex=\"0\">COMMENT PUIS-JE SAVOIR COMBIEN DE N-POINTS UN PRODUIT ME RAPPORTERA ?<\/a>\n\t\t\t\t\t<\/div>\n\n\t\t\t\t\t<div id=\"elementor-tab-content-1558\" class=\"elementor-tab-content elementor-clearfix\" data-tab=\"8\" role=\"region\" aria-labelledby=\"elementor-tab-title-1558\"><p>Le nombre de N-Points que vous gagnez est clairement indiqu\u00e9 sur chaque produit de la boutique Nooteboom.<\/p>\n<\/div>\n\t\t\t\t<\/div>\n\t\t\t\t\t\t\t<div class=\"elementor-toggle-item\">\n\t\t\t\t\t<div id=\"elementor-tab-title-1559\" class=\"elementor-tab-title\" data-tab=\"9\" role=\"button\" aria-controls=\"elementor-tab-content-1559\" aria-expanded=\"false\">\n\t\t\t\t\t\t\t\t\t\t\t\t<span class=\"elementor-toggle-icon elementor-toggle-icon-left\" aria-hidden=\"true\">\n\t\t\t\t\t\t\t\t\t\t\t\t\t\t\t<span class=\"elementor-toggle-icon-closed\"><i class=\"fas fa-caret-right\"><\/i><\/span>\n\t\t\t\t\t\t\t\t<span class=\"elementor-toggle-icon-opened\"><i class=\"elementor-toggle-icon-opened fas fa-caret-up\"><\/i><\/span>\n\t\t\t\t\t\t\t\t\t\t\t\t\t<\/span>\n\t\t\t\t\t\t\t\t\t\t\t\t<a class=\"elementor-toggle-title\" tabindex=\"0\">QUAND PUIS-JE \u00c9CHANGER MES N-POINTS ?<\/a>\n\t\t\t\t\t<\/div>\n\n\t\t\t\t\t<div id=\"elementor-tab-content-1559\" class=\"elementor-tab-content elementor-clearfix\" data-tab=\"9\" role=\"region\" aria-labelledby=\"elementor-tab-title-1559\"><p>Vous pouvez \u00e9changer les N-Points que vous avez collect\u00e9s lors de votre prochain achat.<\/p>\n<\/div>\n\t\t\t\t<\/div>\n\t\t\t\t\t\t\t<div class=\"elementor-toggle-item\">\n\t\t\t\t\t<div id=\"elementor-tab-title-15510\" class=\"elementor-tab-title\" data-tab=\"10\" role=\"button\" aria-controls=\"elementor-tab-content-15510\" aria-expanded=\"false\">\n\t\t\t\t\t\t\t\t\t\t\t\t<span class=\"elementor-toggle-icon elementor-toggle-icon-left\" aria-hidden=\"true\">\n\t\t\t\t\t\t\t\t\t\t\t\t\t\t\t<span class=\"elementor-toggle-icon-closed\"><i class=\"fas fa-caret-right\"><\/i><\/span>\n\t\t\t\t\t\t\t\t<span class=\"elementor-toggle-icon-opened\"><i class=\"elementor-toggle-icon-opened fas fa-caret-up\"><\/i><\/span>\n\t\t\t\t\t\t\t\t\t\t\t\t\t<\/span>\n\t\t\t\t\t\t\t\t\t\t\t\t<a class=\"elementor-toggle-title\" tabindex=\"0\">  COMMENT PUIS-JE CHOISIR LE NOMBRE DE N-POINTS QUE JE VEUX \u00c9CHANGER ?<\/a>\n\t\t\t\t\t<\/div>\n\n\t\t\t\t\t<div id=\"elementor-tab-content-15510\" class=\"elementor-tab-content elementor-clearfix\" data-tab=\"10\" role=\"region\" aria-labelledby=\"elementor-tab-title-15510\"><p>Lorsque vous passez \u00e0 la caisse, une petite barre rouge appara\u00eet dans votre panier. Faites glisser le point rouge le long de la barre pour indiquer le nombre de N-points que vous souhaitez \u00e9changer \u00e0 la caisse. La r\u00e9duction sera imm\u00e9diatement d\u00e9duite de votre panier d&rsquo;achat.<\/p>\n<\/div>\n\t\t\t\t<\/div>\n\t\t\t\t\t\t\t<div class=\"elementor-toggle-item\">\n\t\t\t\t\t<div id=\"elementor-tab-title-15511\" class=\"elementor-tab-title\" data-tab=\"11\" role=\"button\" aria-controls=\"elementor-tab-content-15511\" aria-expanded=\"false\">\n\t\t\t\t\t\t\t\t\t\t\t\t<span class=\"elementor-toggle-icon elementor-toggle-icon-left\" aria-hidden=\"true\">\n\t\t\t\t\t\t\t\t\t\t\t\t\t\t\t<span class=\"elementor-toggle-icon-closed\"><i class=\"fas fa-caret-right\"><\/i><\/span>\n\t\t\t\t\t\t\t\t<span class=\"elementor-toggle-icon-opened\"><i class=\"elementor-toggle-icon-opened fas fa-caret-up\"><\/i><\/span>\n\t\t\t\t\t\t\t\t\t\t\t\t\t<\/span>\n\t\t\t\t\t\t\t\t\t\t\t\t<a class=\"elementor-toggle-title\" tabindex=\"0\">DOIS-JE \u00c9CHANGER DES N-POINTS POUR CHAQUE ACHAT ?<\/a>\n\t\t\t\t\t<\/div>\n\n\t\t\t\t\t<div id=\"elementor-tab-content-15511\" class=\"elementor-tab-content elementor-clearfix\" data-tab=\"11\" role=\"region\" aria-labelledby=\"elementor-tab-title-15511\"><p>Non, c&rsquo;est \u00e0 vous de d\u00e9cider si vous utilisez vos N-Points et si vous le faites, combien. Cependant, vous ne pouvez jamais utiliser plus de N-Points que vous n&rsquo;en avez collect\u00e9s ou qui valent plus que votre achat.<\/p>\n<\/div>\n\t\t\t\t<\/div>\n\t\t\t\t\t\t\t<div class=\"elementor-toggle-item\">\n\t\t\t\t\t<div id=\"elementor-tab-title-15512\" class=\"elementor-tab-title\" data-tab=\"12\" role=\"button\" aria-controls=\"elementor-tab-content-15512\" aria-expanded=\"false\">\n\t\t\t\t\t\t\t\t\t\t\t\t<span class=\"elementor-toggle-icon elementor-toggle-icon-left\" aria-hidden=\"true\">\n\t\t\t\t\t\t\t\t\t\t\t\t\t\t\t<span class=\"elementor-toggle-icon-closed\"><i class=\"fas fa-caret-right\"><\/i><\/span>\n\t\t\t\t\t\t\t\t<span class=\"elementor-toggle-icon-opened\"><i class=\"elementor-toggle-icon-opened fas fa-caret-up\"><\/i><\/span>\n\t\t\t\t\t\t\t\t\t\t\t\t\t<\/span>\n\t\t\t\t\t\t\t\t\t\t\t\t<a class=\"elementor-toggle-title\" tabindex=\"0\">QUE SIGNIFIE MON STATUT DE MEMBRE ?<\/a>\n\t\t\t\t\t<\/div>\n\n\t\t\t\t\t<div id=\"elementor-tab-content-15512\" class=\"elementor-tab-content elementor-clearfix\" data-tab=\"12\" role=\"region\" aria-labelledby=\"elementor-tab-title-15512\"><p>Tout le monde commence en tant que membre bronze, mais au fur et \u00e0 mesure que vous d\u00e9pensez dans la boutique Nooteboom, vous pouvez devenir membre argent ou m\u00eame membre or. Plus votre statut est \u00e9lev\u00e9, plus vous gagnez de points.<\/p>\n<\/div>\n\t\t\t\t<\/div>\n\t\t\t\t\t\t\t<div class=\"elementor-toggle-item\">\n\t\t\t\t\t<div id=\"elementor-tab-title-15513\" class=\"elementor-tab-title\" data-tab=\"13\" role=\"button\" aria-controls=\"elementor-tab-content-15513\" aria-expanded=\"false\">\n\t\t\t\t\t\t\t\t\t\t\t\t<span class=\"elementor-toggle-icon elementor-toggle-icon-left\" aria-hidden=\"true\">\n\t\t\t\t\t\t\t\t\t\t\t\t\t\t\t<span class=\"elementor-toggle-icon-closed\"><i class=\"fas fa-caret-right\"><\/i><\/span>\n\t\t\t\t\t\t\t\t<span class=\"elementor-toggle-icon-opened\"><i class=\"elementor-toggle-icon-opened fas fa-caret-up\"><\/i><\/span>\n\t\t\t\t\t\t\t\t\t\t\t\t\t<\/span>\n\t\t\t\t\t\t\t\t\t\t\t\t<a class=\"elementor-toggle-title\" tabindex=\"0\">EST-CE QUE J'ACCUMULE PLUS DE POINTS N AVEC UN STATUT DE MEMBRE PLUS \u00c9LEV\u00c9 ?<\/a>\n\t\t\t\t\t<\/div>\n\n\t\t\t\t\t<div id=\"elementor-tab-content-15513\" class=\"elementor-tab-content elementor-clearfix\" data-tab=\"13\" role=\"region\" aria-labelledby=\"elementor-tab-title-15513\"><p>Oui : si vous \u00eates membre Bronze, vous recevez 2,5 points N pour 1 \u20ac. En tant que membre argent, 1 \u20ac vous rapporte 5 N-points et un membre or 7,5 N-points par 1 \u20ac.<\/p>\n<\/div>\n\t\t\t\t<\/div>\n\t\t\t\t\t\t\t<div class=\"elementor-toggle-item\">\n\t\t\t\t\t<div id=\"elementor-tab-title-15514\" class=\"elementor-tab-title\" data-tab=\"14\" role=\"button\" aria-controls=\"elementor-tab-content-15514\" aria-expanded=\"false\">\n\t\t\t\t\t\t\t\t\t\t\t\t<span class=\"elementor-toggle-icon elementor-toggle-icon-left\" aria-hidden=\"true\">\n\t\t\t\t\t\t\t\t\t\t\t\t\t\t\t<span class=\"elementor-toggle-icon-closed\"><i class=\"fas fa-caret-right\"><\/i><\/span>\n\t\t\t\t\t\t\t\t<span class=\"elementor-toggle-icon-opened\"><i class=\"elementor-toggle-icon-opened fas fa-caret-up\"><\/i><\/span>\n\t\t\t\t\t\t\t\t\t\t\t\t\t<\/span>\n\t\t\t\t\t\t\t\t\t\t\t\t<a class=\"elementor-toggle-title\" tabindex=\"0\">PENDANT COMBIEN DE TEMPS MES N-POINTS RESTENT-ILS VALABLES ?<\/a>\n\t\t\t\t\t<\/div>\n\n\t\t\t\t\t<div id=\"elementor-tab-content-15514\" class=\"elementor-tab-content elementor-clearfix\" data-tab=\"14\" role=\"region\" aria-labelledby=\"elementor-tab-title-15514\"><p>Vos arguments resteront valables toute votre vie. Cependant, votre statut est calcul\u00e9 en tenant compte de vos achats effectu\u00e9s au cours des 12 derniers mois. Si vous risquez de perdre votre statut, nous vous en informerons quatre semaines \u00e0 l&rsquo;avance.<\/p>\n<\/div>\n\t\t\t\t<\/div>\n\t\t\t\t\t\t\t\t\t\t<script type=\"application\/ld+json\">{\"@context\":\"https:\\\/\\\/schema.org\",\"@type\":\"FAQPage\",\"mainEntity\":[{\"@type\":\"Question\",\"name\":\"QUE SONT LES N-POINTS ?\",\"acceptedAnswer\":{\"@type\":\"Answer\",\"text\":\"<p>N-Points signifie points Nooteboom. Vous les recevez gratuitement avec chaque achat dans la boutique Nooteboom.<\\\/p>\\n\"}},{\"@type\":\"Question\",\"name\":\"COMMENT GAGNER DES N-POINTS ?\",\"acceptedAnswer\":{\"@type\":\"Answer\",\"text\":\"<p>Pour chaque achat effectu\\u00e9 dans la boutique Nooteboom, vous recevez automatiquement des N-Points gratuits.<\\\/p>\\n\"}},{\"@type\":\"Question\",\"name\":\"PUIS-JE RECEVOIR DES N-POINTS EN CADEAU ?\",\"acceptedAnswer\":{\"@type\":\"Answer\",\"text\":\"<p>Oui, vous pouvez le faire de plusieurs mani\\u00e8res.<\\\/p>\\n<ul>\\n<li>Par exemple, en indiquant votre date d&rsquo;anniversaire dans les d\\u00e9tails de votre compte (si vous ne l&rsquo;avez pas d\\u00e9j\\u00e0 fait). Vous recevrez des N-Points suppl\\u00e9mentaires le jour de votre anniversaire.<\\\/li>\\n<li>En invitant des amis \\u00e0 ouvrir un compte dans la boutique Nooteboom. Allez dans Compte et cliquez sur Points. D\\u00e8s que l&rsquo;ami que vous avez invit\\u00e9 passe une commande, nous ajoutons 250 N-Points \\u00e0 votre compte.<\\\/li>\\n<li>En vous inscrivant \\u00e0 la newsletter de Nooteboom Shop, vous recevrez automatiquement 250 N-Points.<\\\/li>\\n<\\\/ul>\\n\"}},{\"@type\":\"Question\",\"name\":\"COMBIEN DE N-POINTS DOIS-JE OBTENIR ?\",\"acceptedAnswer\":{\"@type\":\"Answer\",\"text\":\"<p>Pour chaque euro d\\u00e9pens\\u00e9 dans la boutique Nooteboom, vous recevez 2,5 N-Points. En tant que membre Silver, vous gagnez 5 N-Points par euro et un membre Gold re\\u00e7oit 7,5 N-Points pour chaque euro.<\\\/p>\\n\"}},{\"@type\":\"Question\",\"name\":\"QUEL EST LE MONTANT DE LA REMISE POUR UN POINT N ?\",\"acceptedAnswer\":{\"@type\":\"Answer\",\"text\":\"<p>Pour chaque tranche de 100 N-Points, vous b\\u00e9n\\u00e9ficiez d&rsquo;une r\\u00e9duction de 1 \\u20ac.<\\\/p>\\n\"}},{\"@type\":\"Question\",\"name\":\"COMMENT SAVOIR COMBIEN DE N-POINTS J'AI COLLECT\\u00c9S ?\",\"acceptedAnswer\":{\"@type\":\"Answer\",\"text\":\"<p>Vous pouvez le v\\u00e9rifier en allant dans votre compte &#8211; N-Points.<\\\/p>\\n\"}},{\"@type\":\"Question\",\"name\":\"PUIS-JE CONSULTER L'HISTORIQUE DE MES POINTS N ?\",\"acceptedAnswer\":{\"@type\":\"Answer\",\"text\":\"<p>Oui, vous pouvez le v\\u00e9rifier en allant sur votre compte &#8211; N-Points.<\\\/p>\\n\"}},{\"@type\":\"Question\",\"name\":\"COMMENT PUIS-JE SAVOIR COMBIEN DE N-POINTS UN PRODUIT ME RAPPORTERA ?\",\"acceptedAnswer\":{\"@type\":\"Answer\",\"text\":\"<p>Le nombre de N-Points que vous gagnez est clairement indiqu\\u00e9 sur chaque produit de la boutique Nooteboom.<\\\/p>\\n\"}},{\"@type\":\"Question\",\"name\":\"QUAND PUIS-JE \\u00c9CHANGER MES N-POINTS ?\",\"acceptedAnswer\":{\"@type\":\"Answer\",\"text\":\"<p>Vous pouvez \\u00e9changer les N-Points que vous avez collect\\u00e9s lors de votre prochain achat.<\\\/p>\\n\"}},{\"@type\":\"Question\",\"name\":\"COMMENT PUIS-JE CHOISIR LE NOMBRE DE N-POINTS QUE JE VEUX \\u00c9CHANGER ?\",\"acceptedAnswer\":{\"@type\":\"Answer\",\"text\":\"<p>Lorsque vous passez \\u00e0 la caisse, une petite barre rouge appara\\u00eet dans votre panier. Faites glisser le point rouge le long de la barre pour indiquer le nombre de N-points que vous souhaitez \\u00e9changer \\u00e0 la caisse. La r\\u00e9duction sera imm\\u00e9diatement d\\u00e9duite de votre panier d&rsquo;achat.<\\\/p>\\n\"}},{\"@type\":\"Question\",\"name\":\"DOIS-JE \\u00c9CHANGER DES N-POINTS POUR CHAQUE ACHAT ?\",\"acceptedAnswer\":{\"@type\":\"Answer\",\"text\":\"<p>Non, c&rsquo;est \\u00e0 vous de d\\u00e9cider si vous utilisez vos N-Points et si vous le faites, combien. Cependant, vous ne pouvez jamais utiliser plus de N-Points que vous n&rsquo;en avez collect\\u00e9s ou qui valent plus que votre achat.<\\\/p>\\n\"}},{\"@type\":\"Question\",\"name\":\"QUE SIGNIFIE MON STATUT DE MEMBRE ?\",\"acceptedAnswer\":{\"@type\":\"Answer\",\"text\":\"<p>Tout le monde commence en tant que membre bronze, mais au fur et \\u00e0 mesure que vous d\\u00e9pensez dans la boutique Nooteboom, vous pouvez devenir membre argent ou m\\u00eame membre or. Plus votre statut est \\u00e9lev\\u00e9, plus vous gagnez de points.<\\\/p>\\n\"}},{\"@type\":\"Question\",\"name\":\"EST-CE QUE J'ACCUMULE PLUS DE POINTS N AVEC UN STATUT DE MEMBRE PLUS \\u00c9LEV\\u00c9 ?\",\"acceptedAnswer\":{\"@type\":\"Answer\",\"text\":\"<p>Oui : si vous \\u00eates membre Bronze, vous recevez 2,5 points N pour 1 \\u20ac. En tant que membre argent, 1 \\u20ac vous rapporte 5 N-points et un membre or 7,5 N-points par 1 \\u20ac.<\\\/p>\\n\"}},{\"@type\":\"Question\",\"name\":\"PENDANT COMBIEN DE TEMPS MES N-POINTS RESTENT-ILS VALABLES ?\",\"acceptedAnswer\":{\"@type\":\"Answer\",\"text\":\"<p>Vos arguments resteront valables toute votre vie. Cependant, votre statut est calcul\\u00e9 en tenant compte de vos achats effectu\\u00e9s au cours des 12 derniers mois. Si vous risquez de perdre votre statut, nous vous en informerons quatre semaines \\u00e0 l&rsquo;avance.<\\\/p>\\n\"}}]}<\/script>\n\t\t\t\t\t<\/div>\n\t\t\t\t\t\t<\/div>\n\t\t\t\t<\/div>\n\t\t\t\t\t<\/div>\n\t\t<\/div>\n\t\t\t\t\t<\/div>\n\t\t<\/section>\n\t\t\t\t<\/div>\n\t\t","protected":false},"excerpt":{"rendered":"<p>N-Points Chaque fois que vous effectuez un achat dans la boutique Nooteboom, vous collectez automatiquement des points Nooteboom, c&rsquo;est-\u00e0-dire des N-Points. Vous pouvez \u00e9changer ces N-Points contre une r\u00e9duction sur votre prochain achat. QUESTIONS FR\u00c9QUEMMENT POS\u00c9ES QUE SONT LES N-POINTS ? N-Points signifie points Nooteboom. Vous les recevez gratuitement avec chaque achat dans la boutique [&hellip;]<\/p>\n","protected":false},"author":1,"featured_media":0,"parent":0,"menu_order":0,"comment_status":"closed","ping_status":"closed","template":"elementor_header_footer","meta":{"_acf_changed":false,"footnotes":""},"class_list":["post-10361","page","type-page","status-publish","hentry"],"acf":[],"_links":{"self":[{"href":"https:\/\/nooteboomshop.com\/fr\/wp-json\/wp\/v2\/pages\/10361","targetHints":{"allow":["GET"]}}],"collection":[{"href":"https:\/\/nooteboomshop.com\/fr\/wp-json\/wp\/v2\/pages"}],"about":[{"href":"https:\/\/nooteboomshop.com\/fr\/wp-json\/wp\/v2\/types\/page"}],"author":[{"embeddable":true,"href":"https:\/\/nooteboomshop.com\/fr\/wp-json\/wp\/v2\/users\/1"}],"replies":[{"embeddable":true,"href":"https:\/\/nooteboomshop.com\/fr\/wp-json\/wp\/v2\/comments?post=10361"}],"version-history":[{"count":0,"href":"https:\/\/nooteboomshop.com\/fr\/wp-json\/wp\/v2\/pages\/10361\/revisions"}],"wp:attachment":[{"href":"https:\/\/nooteboomshop.com\/fr\/wp-json\/wp\/v2\/media?parent=10361"}],"curies":[{"name":"wp","href":"https:\/\/api.w.org\/{rel}","templated":true}]}}