{"id":10373,"date":"2023-03-10T16:12:10","date_gmt":"2023-03-10T16:12:10","guid":{"rendered":"https:\/\/nooteboomshop.com\/privacy-policy\/"},"modified":"2024-06-08T15:12:20","modified_gmt":"2024-06-08T15:12:20","slug":"politique-confidentialite","status":"publish","type":"page","link":"https:\/\/nooteboomshop.com\/fr\/politique-confidentialite\/","title":{"rendered":"Politique de confidentialit\u00e9"},"content":{"rendered":"\t\t<div data-elementor-type=\"wp-page\" data-elementor-id=\"10373\" class=\"elementor elementor-10373 elementor-3\">\n\t\t\t\t\t\t<section class=\"elementor-section elementor-top-section elementor-element elementor-element-174c7df elementor-section-boxed elementor-section-height-default elementor-section-height-default\" data-id=\"174c7df\" data-element_type=\"section\" data-e-type=\"section\">\n\t\t\t\t\t\t<div class=\"elementor-container elementor-column-gap-default\">\n\t\t\t\t\t<div class=\"elementor-column elementor-col-100 elementor-top-column elementor-element elementor-element-828d4d7\" data-id=\"828d4d7\" data-element_type=\"column\" data-e-type=\"column\">\n\t\t\t<div class=\"elementor-widget-wrap elementor-element-populated\">\n\t\t\t\t\t\t<div class=\"elementor-element elementor-element-373ef34 elementor-widget elementor-widget-heading\" data-id=\"373ef34\" data-element_type=\"widget\" data-e-type=\"widget\" data-widget_type=\"heading.default\">\n\t\t\t\t<div class=\"elementor-widget-container\">\n\t\t\t\t\t<h1 class=\"elementor-heading-title elementor-size-default\">Politique de confidentialit\u00e9<\/h1>\t\t\t\t<\/div>\n\t\t\t\t<\/div>\n\t\t\t\t<div class=\"elementor-element elementor-element-50e175c elementor-widget elementor-widget-heading\" data-id=\"50e175c\" data-element_type=\"widget\" data-e-type=\"widget\" data-widget_type=\"heading.default\">\n\t\t\t\t<div class=\"elementor-widget-container\">\n\t\t\t\t\t<h2 class=\"elementor-heading-title elementor-size-default\">Chaque fois que vous utilisez NOOTEBOOMSHOP.COM, la pr\u00e9sente d\u00e9claration de confidentialit\u00e9 d'Industrial Merchandising Concepts (IMC) B.V. s'applique. En passant une commande dans le magasin, vous acceptez la pr\u00e9sente d\u00e9claration de confidentialit\u00e9. La pr\u00e9sente d\u00e9claration de confidentialit\u00e9 s'applique aux donn\u00e9es collect\u00e9es par l'IMC par le biais de la majorit\u00e9 de ce site web. Elle ne s'applique pas aux sites, services et produits d'IMC qui disposent de leur propre d\u00e9claration de confidentialit\u00e9.<\/h2>\t\t\t\t<\/div>\n\t\t\t\t<\/div>\n\t\t\t\t<div class=\"elementor-element elementor-element-03675ec elementor-widget elementor-widget-spacer\" data-id=\"03675ec\" data-element_type=\"widget\" data-e-type=\"widget\" data-widget_type=\"spacer.default\">\n\t\t\t\t<div class=\"elementor-widget-container\">\n\t\t\t\t\t\t\t<div class=\"elementor-spacer\">\n\t\t\t<div class=\"elementor-spacer-inner\"><\/div>\n\t\t<\/div>\n\t\t\t\t\t\t<\/div>\n\t\t\t\t<\/div>\n\t\t\t\t\t<\/div>\n\t\t<\/div>\n\t\t\t\t\t<\/div>\n\t\t<\/section>\n\t\t\t\t<section class=\"elementor-section elementor-top-section elementor-element elementor-element-7c6b0882 elementor-section-boxed elementor-section-height-default elementor-section-height-default\" data-id=\"7c6b0882\" data-element_type=\"section\" data-e-type=\"section\">\n\t\t\t\t\t\t<div class=\"elementor-container elementor-column-gap-default\">\n\t\t\t\t\t<div class=\"elementor-column elementor-col-100 elementor-top-column elementor-element elementor-element-73add378\" data-id=\"73add378\" data-element_type=\"column\" data-e-type=\"column\">\n\t\t\t<div class=\"elementor-widget-wrap elementor-element-populated\">\n\t\t\t\t\t\t<div class=\"elementor-element elementor-element-715bce63 elementor-widget elementor-widget-text-editor\" data-id=\"715bce63\" data-element_type=\"widget\" data-e-type=\"widget\" data-widget_type=\"text-editor.default\">\n\t\t\t\t<div class=\"elementor-widget-container\">\n\t\t\t\t\t\t\t\t\t<p>Industrial Merchandising Concepts (IMC) bv, dont le si\u00e8ge est situ\u00e9 \u00e0 Peppelkade 23, 3992 AL, Houten, Pays-Bas, est responsable du traitement des donn\u00e9es \u00e0 caract\u00e8re personnel comme indiqu\u00e9 dans la pr\u00e9sente d\u00e9claration de confidentialit\u00e9.<\/p>\n<p><strong>Coordonn\u00e9es de la personne \u00e0 contacter :<\/strong><br \/>www.nooteboomshop.com<br \/>info@nooteboomshop.com<br \/>Peppelkade 23<br \/>3992 AL, Houten<br \/>les Pays-Bas<br \/>+31 (0) 30 721 0660<\/p>\n<p>P. Eggermont est le contact pour la protection des donn\u00e9es de Industrial Merchandising Concepts (IMC) bv. Vous pouvez la contacter \u00e0 l&rsquo;adresse suivante : pien.eggermont@imcbranding.eu<\/p>\n<h3> <\/h3>\n<h3>Donn\u00e9es personnelles que nous traitons<\/h3>\n<p>Industrial Merchandising Concepts (IMC) bv traite vos donn\u00e9es personnelles parce que vous utilisez nos services et\/ou parce que vous les fournissez vous-m\u00eame.<\/p>\n<p>Vous trouverez ci-dessous un aper\u00e7u des donn\u00e9es personnelles que nous traitons :<\/p>\n<ul>\n<li>Nom et pr\u00e9nom<\/li>\n<li>Donn\u00e9es d&rsquo;adresse<\/li>\n<li>num\u00e9ro de t\u00e9l\u00e9phone<\/li>\n<li>Adresse \u00e9lectronique<\/li>\n<li>Donn\u00e9es de localisation<\/li>\n<li>Informations sur vos activit\u00e9s sur notre site web<\/li>\n<li>Navigateur Internet et type d&rsquo;appareil<\/li>\n<li>Num\u00e9ro de compte bancaire<\/li>\n<\/ul>\n<h3> <\/h3>\n<h3>Donn\u00e9es personnelles sp\u00e9ciales et\/ou sensibles que nous traitons<\/h3>\n<p>Notre site web et\/ou service n&rsquo;a pas l&rsquo;intention de collecter des donn\u00e9es sur les visiteurs du site web qui sont \u00e2g\u00e9s de moins de 16 ans. Sauf s&rsquo;ils ont l&rsquo;autorisation de leurs parents ou tuteurs. Toutefois, nous ne pouvons pas v\u00e9rifier si un visiteur a plus de 16 ans. Nous encourageons les parents \u00e0 s&rsquo;impliquer dans les activit\u00e9s en ligne de leurs enfants, afin d&rsquo;\u00e9viter que des donn\u00e9es les concernant ne soient collect\u00e9es sans leur consentement. Si vous \u00eates convaincu que nous avons recueilli des informations personnelles sur un mineur sans cette autorisation, veuillez nous contacter via info@imcmodels.eu, nous supprimerons alors ces informations.<\/p>\n<p>Dans quel but et sur quelle base nous traitons les donn\u00e9es \u00e0 caract\u00e8re personnel<br \/>Industrial Merchandising Concepts (IMC) bv traite vos donn\u00e9es \u00e0 caract\u00e8re personnel aux fins suivantes :<\/p>\n<ul>\n<li>Traitement de votre paiement<\/li>\n<li>Envoi de notre lettre d&rsquo;information et\/ou de notre brochure publicitaire<\/li>\n<li>Vous pouvez nous appeler ou nous envoyer un courrier \u00e9lectronique si cela est n\u00e9cessaire \u00e0 l&rsquo;ex\u00e9cution de nos services.<\/li>\n<li>vous informer des modifications apport\u00e9es \u00e0 nos services et produits<\/li>\n<li>Vous permettre de cr\u00e9er un compte<\/li>\n<li>Pour vous fournir des biens et des services<\/li>\n<li>Industrial Merchandising Concepts (IMC) bv traite \u00e9galement des donn\u00e9es \u00e0 caract\u00e8re personnel si nous sommes l\u00e9galement tenus de le faire, comme les informations dont nous avons besoin pour notre d\u00e9claration d&rsquo;imp\u00f4ts.<\/li>\n<\/ul>\n<h3> <\/h3>\n<h3>Prise de d\u00e9cision automatis\u00e9e<\/h3>\n<p>Industrial Merchandising Concepts (IMC) bv ne prend pas de d\u00e9cisions fond\u00e9es sur un traitement automatis\u00e9 concernant des questions qui peuvent avoir des cons\u00e9quences (importantes) pour les personnes. Il s&rsquo;agit de d\u00e9cisions prises par des programmes ou des syst\u00e8mes informatiques, sans la pr\u00e9sence d&rsquo;une personne (par exemple un employ\u00e9 d&rsquo;Industrial Merchandising Concepts (IMC), par exemple).<\/p>\n<h3> <\/h3>\n<h3>Dur\u00e9e de conservation des donn\u00e9es personnelles<\/h3>\n<p>Industrial Merchandising Concepts (IMC), par exemple, ne conserve pas vos donn\u00e9es personnelles plus longtemps que ce qui est strictement n\u00e9cessaire pour atteindre les objectifs pour lesquels vos donn\u00e9es ont \u00e9t\u00e9 collect\u00e9es. Nous utilisons les p\u00e9riodes de conservation suivantes pour les (cat\u00e9gories) de donn\u00e9es \u00e0 caract\u00e8re personnel suivantes :<\/p>\n<p>Donn\u00e9es personnelles, donn\u00e9es personnelles, adresse, etc.  &gt;  36 mois<br \/>Nous conservons vos donn\u00e9es pour vous faciliter la t\u00e2che lors d&rsquo;une commande ult\u00e9rieure. Si vous souhaitez que nous supprimions ces informations plus t\u00f4t, vous pouvez nous contacter aux coordonn\u00e9es ci-dessus<\/p>\n<h3> <\/h3>\n<h3>Partage de donn\u00e9es personnelles avec des tiers<\/h3>\n<p>Industrial Merchandising Concepts (IMC) bv ne vend pas vos donn\u00e9es \u00e0 des tiers et ne les fournit que si cela est n\u00e9cessaire pour l&rsquo;ex\u00e9cution de notre contrat avec vous ou pour respecter une obligation l\u00e9gale. Avec les entreprises qui traitent vos donn\u00e9es dans le cadre de notre mission, nous concluons un accord de sous-traitance pour garantir le m\u00eame niveau de s\u00e9curit\u00e9 et de confidentialit\u00e9 de vos donn\u00e9es. Industrial Merchandising Concepts (IMC) bv reste responsable de ces op\u00e9rations de traitement.<\/p>\n<h3> <\/h3>\n<h3>Cookies, ou techniques similaires, que nous utilisons<\/h3>\n<p>Industrial Merchandising Concepts (IMC) bv utilise uniquement des cookies techniques et fonctionnels. Et des cookies analytiques qui ne portent pas atteinte \u00e0 votre vie priv\u00e9e. Un cookie est un petit fichier texte qui est stock\u00e9 sur votre ordinateur, tablette ou smartphone lors de votre premi\u00e8re visite sur ce site web. Les cookies que nous utilisons sont n\u00e9cessaires au fonctionnement technique du site web et \u00e0 votre facilit\u00e9 d&rsquo;utilisation. Ils garantissent le bon fonctionnement du site web et se souviennent, par exemple, de vos pr\u00e9f\u00e9rences. Cela nous permet \u00e9galement d&rsquo;optimiser notre site web. Vous pouvez refuser les cookies en param\u00e9trant votre navigateur Internet de mani\u00e8re \u00e0 ce qu&rsquo;il ne stocke plus de cookies. En outre, vous pouvez \u00e9galement supprimer toutes les informations pr\u00e9c\u00e9demment enregistr\u00e9es via les param\u00e8tres de votre navigateur.<\/p>\n<h3> <\/h3>\n<h3>Visualiser, modifier ou supprimer des donn\u00e9es<\/h3>\n<p>Vous avez le droit de consulter, de corriger ou de supprimer vos donn\u00e9es personnelles. Vous pouvez le faire vous-m\u00eame dans les param\u00e8tres personnels de votre compte. En outre, vous avez le droit de retirer votre consentement au traitement des donn\u00e9es ou de vous opposer au traitement de vos donn\u00e9es personnelles par notre soci\u00e9t\u00e9 et vous avez le droit \u00e0 la portabilit\u00e9 des donn\u00e9es. Cela signifie que vous pouvez nous demander d&rsquo;envoyer les informations personnelles que nous avons dans votre fichier informatique \u00e0 vous-m\u00eame ou \u00e0 une autre organisation mentionn\u00e9e par vous.<\/p>\n<p>Si vous souhaitez exercer votre droit d&rsquo;opposition et\/ou votre droit \u00e0 la portabilit\u00e9 des donn\u00e9es ou si vous avez d&rsquo;autres questions\/commentaires sur le traitement des donn\u00e9es, veuillez envoyer une demande sp\u00e9cifique \u00e0 info@imcmodels.eu.<\/p>\n<p>Afin de nous assurer que la demande d&rsquo;acc\u00e8s a bien \u00e9t\u00e9 faite par vous, nous vous demandons de joindre \u00e0 votre demande une copie de votre pi\u00e8ce d&rsquo;identit\u00e9. Inscrivez en noir sur cette copie la photo de votre passeport, la MRZ (zone lisible \u00e0 la machine, la bande avec des chiffres au bas du passeport), le num\u00e9ro de votre passeport et le num\u00e9ro de service aux citoyens (BSN). Ceci afin de prot\u00e9ger votre vie priv\u00e9e. Industrial Merchandising Concepts (IMC) bv r\u00e9pondra \u00e0 votre demande le plus rapidement possible, et en tout \u00e9tat de cause dans un d\u00e9lai de quatre semaines.<\/p>\n<p>Industrial Merchandising Concepts (IMC) bv souhaite \u00e9galement souligner que vous avez la possibilit\u00e9 de d\u00e9poser une plainte aupr\u00e8s de l&rsquo;autorit\u00e9 de contr\u00f4le nationale, l&rsquo;Autorit\u00e9 n\u00e9erlandaise de protection des donn\u00e9es. Vous pouvez le faire en cliquant sur le lien suivant : https:\/\/autoriteitpersoonsgegevens.nl\/nl\/contact-met-de-autoriteit-persoonsgegevens\/tip-ons<\/p>\n<h3> <\/h3>\n<h3>Comment nous prot\u00e9geons les donn\u00e9es personnelles<\/h3>\n<p>Industrial Merchandising Concepts (IMC), par exemple, prend au s\u00e9rieux la protection de vos donn\u00e9es et prend des mesures appropri\u00e9es pour emp\u00eacher l&rsquo;utilisation abusive, la perte, l&rsquo;acc\u00e8s non autoris\u00e9, la divulgation non d\u00e9sir\u00e9e et la modification non autoris\u00e9e. Si vous avez l&rsquo;impression que vos donn\u00e9es ne sont pas s\u00e9curis\u00e9es ou qu&rsquo;il existe des indices d&rsquo;abus, veuillez contacter notre service client\u00e8le ou via info@nooteboomshop.com.<\/p>\n\t\t\t\t\t\t\t\t<\/div>\n\t\t\t\t<\/div>\n\t\t\t\t\t<\/div>\n\t\t<\/div>\n\t\t\t\t\t<\/div>\n\t\t<\/section>\n\t\t\t\t<\/div>\n\t\t","protected":false},"excerpt":{"rendered":"<p>Politique de confidentialit\u00e9 Chaque fois que vous utilisez NOOTEBOOMSHOP.COM, la pr\u00e9sente d\u00e9claration de confidentialit\u00e9 d&rsquo;Industrial Merchandising Concepts (IMC) B.V. s&rsquo;applique. En passant une commande dans le magasin, vous acceptez la pr\u00e9sente d\u00e9claration de confidentialit\u00e9. La pr\u00e9sente d\u00e9claration de confidentialit\u00e9 s&rsquo;applique aux donn\u00e9es collect\u00e9es par l&rsquo;IMC par le biais de la majorit\u00e9 de ce site web. [&hellip;]<\/p>\n","protected":false},"author":1,"featured_media":0,"parent":0,"menu_order":0,"comment_status":"closed","ping_status":"closed","template":"","meta":{"_acf_changed":false,"footnotes":""},"class_list":["post-10373","page","type-page","status-publish","hentry"],"acf":[],"_links":{"self":[{"href":"https:\/\/nooteboomshop.com\/fr\/wp-json\/wp\/v2\/pages\/10373","targetHints":{"allow":["GET"]}}],"collection":[{"href":"https:\/\/nooteboomshop.com\/fr\/wp-json\/wp\/v2\/pages"}],"about":[{"href":"https:\/\/nooteboomshop.com\/fr\/wp-json\/wp\/v2\/types\/page"}],"author":[{"embeddable":true,"href":"https:\/\/nooteboomshop.com\/fr\/wp-json\/wp\/v2\/users\/1"}],"replies":[{"embeddable":true,"href":"https:\/\/nooteboomshop.com\/fr\/wp-json\/wp\/v2\/comments?post=10373"}],"version-history":[{"count":6,"href":"https:\/\/nooteboomshop.com\/fr\/wp-json\/wp\/v2\/pages\/10373\/revisions"}],"predecessor-version":[{"id":11892,"href":"https:\/\/nooteboomshop.com\/fr\/wp-json\/wp\/v2\/pages\/10373\/revisions\/11892"}],"wp:attachment":[{"href":"https:\/\/nooteboomshop.com\/fr\/wp-json\/wp\/v2\/media?parent=10373"}],"curies":[{"name":"wp","href":"https:\/\/api.w.org\/{rel}","templated":true}]}}