{"id":6730,"date":"2023-03-10T16:12:13","date_gmt":"2023-03-10T16:12:13","guid":{"rendered":"https:\/\/nooteboomshop.com\/mon-compte\/"},"modified":"2024-07-08T14:50:46","modified_gmt":"2024-07-08T14:50:46","slug":"mon-compte","status":"publish","type":"page","link":"https:\/\/nooteboomshop.com\/fr\/mon-compte\/","title":{"rendered":"Mon compte"},"content":{"rendered":"\t\t<div data-elementor-type=\"wp-page\" data-elementor-id=\"6730\" class=\"elementor elementor-6730 elementor-52\">\n\t\t\t\t\t\t<section class=\"elementor-section elementor-top-section elementor-element elementor-element-2e04f8fb elementor-section-full_width elementor-section-height-default elementor-section-height-default\" data-id=\"2e04f8fb\" data-element_type=\"section\" data-e-type=\"section\">\n\t\t\t\t\t\t<div class=\"elementor-container elementor-column-gap-default\">\n\t\t\t\t\t<div class=\"elementor-column elementor-col-100 elementor-top-column elementor-element elementor-element-264eb737\" data-id=\"264eb737\" data-element_type=\"column\" data-e-type=\"column\">\n\t\t\t<div class=\"elementor-widget-wrap\">\n\t\t\t\t\t\t\t<\/div>\n\t\t<\/div>\n\t\t\t\t\t<\/div>\n\t\t<\/section>\n\t\t\t\t<\/div>\n\t\t","protected":false},"excerpt":{"rendered":"<p>Commandes Pr\u00e9-commandes Adresses D\u00e9tails du compte N-Points D\u00e9connexion Dashboard Pre-orders Orders Downloads Addresses Account details N-Points Log out Order Date Status Total Actions #7775 29 February 2024 Cancelled &euro;&nbsp;330,00 for 1 items View #7774 29 February 2024 Cancelled &euro;&nbsp;330,00 for 1 items View #7773 29 February 2024 Processing &euro;&nbsp;330,00 for 1 items View #3197 21 [&hellip;]<\/p>\n","protected":false},"author":1,"featured_media":0,"parent":0,"menu_order":0,"comment_status":"closed","ping_status":"closed","template":"elementor_header_footer","meta":{"_acf_changed":false,"footnotes":""},"class_list":["post-6730","page","type-page","status-publish","hentry"],"acf":[],"_links":{"self":[{"href":"https:\/\/nooteboomshop.com\/fr\/wp-json\/wp\/v2\/pages\/6730","targetHints":{"allow":["GET"]}}],"collection":[{"href":"https:\/\/nooteboomshop.com\/fr\/wp-json\/wp\/v2\/pages"}],"about":[{"href":"https:\/\/nooteboomshop.com\/fr\/wp-json\/wp\/v2\/types\/page"}],"author":[{"embeddable":true,"href":"https:\/\/nooteboomshop.com\/fr\/wp-json\/wp\/v2\/users\/1"}],"replies":[{"embeddable":true,"href":"https:\/\/nooteboomshop.com\/fr\/wp-json\/wp\/v2\/comments?post=6730"}],"version-history":[{"count":3,"href":"https:\/\/nooteboomshop.com\/fr\/wp-json\/wp\/v2\/pages\/6730\/revisions"}],"predecessor-version":[{"id":12550,"href":"https:\/\/nooteboomshop.com\/fr\/wp-json\/wp\/v2\/pages\/6730\/revisions\/12550"}],"wp:attachment":[{"href":"https:\/\/nooteboomshop.com\/fr\/wp-json\/wp\/v2\/media?parent=6730"}],"curies":[{"name":"wp","href":"https:\/\/api.w.org\/{rel}","templated":true}]}}