{"id":6773,"date":"2023-06-13T09:05:22","date_gmt":"2023-06-13T09:05:22","guid":{"rendered":"https:\/\/nooteboomshop.com\/contact\/"},"modified":"2024-06-05T11:29:31","modified_gmt":"2024-06-05T11:29:31","slug":"contact","status":"publish","type":"page","link":"https:\/\/nooteboomshop.com\/fr\/contact\/","title":{"rendered":"Contact"},"content":{"rendered":"\t\t<div data-elementor-type=\"wp-page\" data-elementor-id=\"6773\" class=\"elementor elementor-6773 elementor-4616\">\n\t\t\t\t\t\t<section class=\"elementor-section elementor-top-section elementor-element elementor-element-32244cc1 elementor-section-boxed elementor-section-height-default elementor-section-height-default\" data-id=\"32244cc1\" data-element_type=\"section\" data-e-type=\"section\">\n\t\t\t\t\t\t<div class=\"elementor-container elementor-column-gap-default\">\n\t\t\t\t\t<div class=\"elementor-column elementor-col-50 elementor-top-column elementor-element elementor-element-4263288e\" data-id=\"4263288e\" data-element_type=\"column\" data-e-type=\"column\">\n\t\t\t<div class=\"elementor-widget-wrap elementor-element-populated\">\n\t\t\t\t\t\t<div class=\"elementor-element elementor-element-4411fc3 elementor-widget elementor-widget-heading\" data-id=\"4411fc3\" data-element_type=\"widget\" data-e-type=\"widget\" data-widget_type=\"heading.default\">\n\t\t\t\t<div class=\"elementor-widget-container\">\n\t\t\t\t\t<h2 class=\"elementor-heading-title elementor-size-default\">Contactez nous<\/h2>\t\t\t\t<\/div>\n\t\t\t\t<\/div>\n\t\t\t\t<div class=\"elementor-element elementor-element-df02c94 elementor-widget elementor-widget-heading\" data-id=\"df02c94\" data-element_type=\"widget\" data-e-type=\"widget\" data-widget_type=\"heading.default\">\n\t\t\t\t<div class=\"elementor-widget-container\">\n\t\t\t\t\t<h2 class=\"elementor-heading-title elementor-size-default\">Si vous avez des questions, si vous souhaitez faire des commentaires, des compliments, des plaintes ou si vous voulez demander des informations sur les produits ou les services de Nooteboom shop, veuillez nous contacter en remplissant le formulaire de contact.<\/h2>\t\t\t\t<\/div>\n\t\t\t\t<\/div>\n\t\t\t\t<div class=\"elementor-element elementor-element-8dca84b elementor-widget elementor-widget-heading\" data-id=\"8dca84b\" data-element_type=\"widget\" data-e-type=\"widget\" data-widget_type=\"heading.default\">\n\t\t\t\t<div class=\"elementor-widget-container\">\n\t\t\t\t\t<p class=\"elementor-heading-title elementor-size-default\">Lors du d\u00e9p\u00f4t d'une plainte, il est obligatoire d'ajouter une photo. Si vous ne le faites pas, votre plainte ne sera pas trait\u00e9e.<\/p>\t\t\t\t<\/div>\n\t\t\t\t<\/div>\n\t\t\t\t<div class=\"elementor-element elementor-element-7fe5f82 elementor-widget elementor-widget-spacer\" data-id=\"7fe5f82\" data-element_type=\"widget\" data-e-type=\"widget\" data-widget_type=\"spacer.default\">\n\t\t\t\t<div class=\"elementor-widget-container\">\n\t\t\t\t\t\t\t<div class=\"elementor-spacer\">\n\t\t\t<div class=\"elementor-spacer-inner\"><\/div>\n\t\t<\/div>\n\t\t\t\t\t\t<\/div>\n\t\t\t\t<\/div>\n\t\t\t\t<div class=\"elementor-element elementor-element-2f6dd287 raven-form-button-icon-right elementor-widget__width-inherit raven-form-button-align-spaced elementor-widget elementor-widget-raven-form\" data-id=\"2f6dd287\" data-element_type=\"widget\" data-e-type=\"widget\" data-settings=\"{&quot;fields&quot;:[{&quot;label&quot;:&quot;Nom&quot;,&quot;_id&quot;:&quot;85b6209&quot;,&quot;required&quot;:&quot;true&quot;,&quot;acceptance_text&quot;:null,&quot;width&quot;:&quot;50&quot;,&quot;checked_by_default&quot;:null,&quot;min_time&quot;:null,&quot;max_time&quot;:null,&quot;min_date&quot;:null,&quot;max_date&quot;:null,&quot;localization&quot;:null,&quot;min&quot;:null,&quot;max&quot;:null,&quot;step_previous_button&quot;:null,&quot;step_next_button&quot;:null,&quot;field_custom_id&quot;:&quot;85b6209&quot;,&quot;index&quot;:0,&quot;type&quot;:&quot;text&quot;,&quot;placeholder&quot;:&quot;&quot;,&quot;recaptcha_badge&quot;:null,&quot;recaptcha_theme&quot;:null,&quot;recaptcha_size&quot;:null,&quot;field_options&quot;:null,&quot;inline_list&quot;:null,&quot;field_html&quot;:null,&quot;native_html5&quot;:null,&quot;multiple_selection&quot;:null,&quot;rows&quot;:null,&quot;iti_tel&quot;:null,&quot;iti_tel_tel_type&quot;:null,&quot;iti_tel_require_area&quot;:null,&quot;iti_tel_allow_dropdown&quot;:null,&quot;iti_tel_country_include&quot;:null,&quot;iti_tel_ip_detect&quot;:null,&quot;iti_tel_internationalize&quot;:null,&quot;file_sizes&quot;:null,&quot;file_types&quot;:null,&quot;allow_multiple_upload&quot;:null,&quot;max_files&quot;:null,&quot;step_icon&quot;:null,&quot;field_value&quot;:&quot;&quot;},{&quot;label&quot;:&quot;Votre e-mail&quot;,&quot;type&quot;:&quot;email&quot;,&quot;required&quot;:&quot;true&quot;,&quot;_id&quot;:&quot;799989f&quot;,&quot;acceptance_text&quot;:null,&quot;width&quot;:&quot;50&quot;,&quot;checked_by_default&quot;:null,&quot;min_time&quot;:null,&quot;max_time&quot;:null,&quot;min_date&quot;:null,&quot;max_date&quot;:null,&quot;localization&quot;:null,&quot;min&quot;:null,&quot;max&quot;:null,&quot;step_previous_button&quot;:null,&quot;step_next_button&quot;:null,&quot;field_custom_id&quot;:&quot;799989f&quot;,&quot;index&quot;:1,&quot;placeholder&quot;:&quot;&quot;,&quot;recaptcha_badge&quot;:null,&quot;recaptcha_theme&quot;:null,&quot;recaptcha_size&quot;:null,&quot;field_options&quot;:null,&quot;inline_list&quot;:null,&quot;field_html&quot;:null,&quot;native_html5&quot;:null,&quot;multiple_selection&quot;:null,&quot;rows&quot;:null,&quot;iti_tel&quot;:null,&quot;iti_tel_tel_type&quot;:null,&quot;iti_tel_require_area&quot;:null,&quot;iti_tel_allow_dropdown&quot;:null,&quot;iti_tel_country_include&quot;:null,&quot;iti_tel_ip_detect&quot;:null,&quot;iti_tel_internationalize&quot;:null,&quot;file_sizes&quot;:null,&quot;file_types&quot;:null,&quot;allow_multiple_upload&quot;:null,&quot;max_files&quot;:null,&quot;step_icon&quot;:null,&quot;field_value&quot;:&quot;&quot;},{&quot;label&quot;:&quot;Sujet&quot;,&quot;_id&quot;:&quot;bfa03f0&quot;,&quot;acceptance_text&quot;:null,&quot;checked_by_default&quot;:null,&quot;min_time&quot;:null,&quot;max_time&quot;:null,&quot;min_date&quot;:null,&quot;max_date&quot;:null,&quot;localization&quot;:null,&quot;min&quot;:null,&quot;max&quot;:null,&quot;step_previous_button&quot;:null,&quot;step_next_button&quot;:null,&quot;field_custom_id&quot;:&quot;bfa03f0&quot;,&quot;index&quot;:2,&quot;type&quot;:&quot;text&quot;,&quot;placeholder&quot;:&quot;&quot;,&quot;recaptcha_badge&quot;:null,&quot;recaptcha_theme&quot;:null,&quot;recaptcha_size&quot;:null,&quot;field_options&quot;:null,&quot;inline_list&quot;:null,&quot;field_html&quot;:null,&quot;native_html5&quot;:null,&quot;multiple_selection&quot;:null,&quot;rows&quot;:null,&quot;required&quot;:&quot;&quot;,&quot;iti_tel&quot;:null,&quot;iti_tel_tel_type&quot;:null,&quot;iti_tel_require_area&quot;:null,&quot;iti_tel_allow_dropdown&quot;:null,&quot;iti_tel_country_include&quot;:null,&quot;iti_tel_ip_detect&quot;:null,&quot;iti_tel_internationalize&quot;:null,&quot;file_sizes&quot;:null,&quot;file_types&quot;:null,&quot;allow_multiple_upload&quot;:null,&quot;max_files&quot;:null,&quot;step_icon&quot;:null,&quot;width&quot;:&quot;100&quot;,&quot;field_value&quot;:&quot;&quot;},{&quot;label&quot;:&quot;Votre message&quot;,&quot;type&quot;:&quot;textarea&quot;,&quot;_id&quot;:&quot;43e3476&quot;,&quot;required&quot;:&quot;true&quot;,&quot;acceptance_text&quot;:null,&quot;rows&quot;:6,&quot;checked_by_default&quot;:null,&quot;min_time&quot;:null,&quot;max_time&quot;:null,&quot;min_date&quot;:null,&quot;max_date&quot;:null,&quot;localization&quot;:null,&quot;min&quot;:null,&quot;max&quot;:null,&quot;step_previous_button&quot;:null,&quot;step_next_button&quot;:null,&quot;field_custom_id&quot;:&quot;43e3476&quot;,&quot;index&quot;:3,&quot;placeholder&quot;:&quot;&quot;,&quot;recaptcha_badge&quot;:null,&quot;recaptcha_theme&quot;:null,&quot;recaptcha_size&quot;:null,&quot;field_options&quot;:null,&quot;inline_list&quot;:null,&quot;field_html&quot;:null,&quot;native_html5&quot;:null,&quot;multiple_selection&quot;:null,&quot;iti_tel&quot;:null,&quot;iti_tel_tel_type&quot;:null,&quot;iti_tel_require_area&quot;:null,&quot;iti_tel_allow_dropdown&quot;:null,&quot;iti_tel_country_include&quot;:null,&quot;iti_tel_ip_detect&quot;:null,&quot;iti_tel_internationalize&quot;:null,&quot;file_sizes&quot;:null,&quot;file_types&quot;:null,&quot;allow_multiple_upload&quot;:null,&quot;max_files&quot;:null,&quot;step_icon&quot;:null,&quot;width&quot;:&quot;100&quot;,&quot;field_value&quot;:&quot;&quot;},{&quot;_id&quot;:&quot;f11d344&quot;,&quot;type&quot;:&quot;file&quot;,&quot;label&quot;:&quot;Fichiers joints&quot;,&quot;acceptance_text&quot;:null,&quot;file_sizes&quot;:&quot;5&quot;,&quot;file_types&quot;:&quot;jpg, png, pdf&quot;,&quot;step_previous_button&quot;:null,&quot;step_next_button&quot;:null,&quot;field_custom_id&quot;:&quot;field_f11d344&quot;,&quot;index&quot;:4,&quot;placeholder&quot;:null,&quot;recaptcha_badge&quot;:null,&quot;recaptcha_theme&quot;:null,&quot;recaptcha_size&quot;:null,&quot;checked_by_default&quot;:null,&quot;min_time&quot;:null,&quot;max_time&quot;:null,&quot;min_date&quot;:null,&quot;max_date&quot;:null,&quot;localization&quot;:null,&quot;min&quot;:null,&quot;max&quot;:null,&quot;field_options&quot;:null,&quot;inline_list&quot;:null,&quot;field_html&quot;:null,&quot;native_html5&quot;:null,&quot;multiple_selection&quot;:null,&quot;rows&quot;:null,&quot;required&quot;:&quot;&quot;,&quot;iti_tel&quot;:null,&quot;iti_tel_tel_type&quot;:null,&quot;iti_tel_require_area&quot;:null,&quot;iti_tel_allow_dropdown&quot;:null,&quot;iti_tel_country_include&quot;:null,&quot;iti_tel_ip_detect&quot;:null,&quot;iti_tel_internationalize&quot;:null,&quot;allow_multiple_upload&quot;:&quot;&quot;,&quot;max_files&quot;:null,&quot;step_icon&quot;:null,&quot;width&quot;:&quot;100&quot;,&quot;field_value&quot;:null}],&quot;steps_type&quot;:&quot;number&quot;,&quot;steps_icon_shape&quot;:&quot;circle&quot;}\" data-widget_type=\"raven-form.default\">\n\t\t\t\t<div class=\"elementor-widget-container\">\n\t\t\t\t\t\t\t<form class=\"raven-form raven-flex raven-flex-wrap raven-flex-bottom\" method=\"post\" name=\"Nouveau formulaire\">\n\t\t\t<input type=\"hidden\" name=\"post_id\" value=\"6773\" \/>\n\t\t\t<input type=\"hidden\" name=\"form_id\" value=\"2f6dd287\" \/>\n\t\t\t\t\t<div id=\"raven-field-group-85b6209\" class=\"raven-flex-wrap raven-field-type-text raven-field-group elementor-column elementor-col-50 raven-field-required\">\n\t\t\t\t\t<label\n\t\t\tfor=\"form-field-85b6209\"\n\t\t\tclass=\"raven-field-label\">\n\t\t\tNom\t\t\t\t\t\t\t<span class=\"required-mark-label\"><\/span>\n\t\t\t\t\t\t<\/label>\n\t\t\t\t<input\n\t\t\toninput=\"onInvalidRavenFormField(event)\"\n\t\t\toninvalid=\"onInvalidRavenFormField(event)\"\n\t\t\ttype=\"text\" name=\"fields[85b6209]\" id=\"form-field-85b6209\" class=\"raven-field\" placeholder=\"\" data-type=\"text\" data-custom-id=\"85b6209\" required=\"required\">\n\t\t\t\t<\/div>\n\t\t\t\t<div id=\"raven-field-group-799989f\" class=\"raven-flex-wrap raven-field-type-email raven-field-group elementor-column elementor-col-50 raven-field-required\">\n\t\t\t\t\t<label\n\t\t\tfor=\"form-field-799989f\"\n\t\t\tclass=\"raven-field-label\">\n\t\t\tVotre e-mail\t\t\t\t\t\t\t<span class=\"required-mark-label\"><\/span>\n\t\t\t\t\t\t<\/label>\n\t\t\t\t<input\n\t\t\toninput=\"onInvalidRavenFormField(event)\"\n\t\t\toninvalid=\"onInvalidRavenFormField(event)\"\n\t\t\ttype=\"email\" name=\"fields[799989f]\" id=\"form-field-799989f\" class=\"raven-field\" placeholder=\"\" data-type=\"email\" data-custom-id=\"799989f\" required=\"required\">\n\t\t\t\t<\/div>\n\t\t\t\t<div id=\"raven-field-group-bfa03f0\" class=\"raven-flex-wrap raven-field-type-text raven-field-group elementor-column elementor-col-100\">\n\t\t\t\t\t<label\n\t\t\tfor=\"form-field-bfa03f0\"\n\t\t\tclass=\"raven-field-label\">\n\t\t\tSujet\t\t\t\t\t\t<\/label>\n\t\t\t\t<input\n\t\t\toninput=\"onInvalidRavenFormField(event)\"\n\t\t\toninvalid=\"onInvalidRavenFormField(event)\"\n\t\t\ttype=\"text\" name=\"fields[bfa03f0]\" id=\"form-field-bfa03f0\" class=\"raven-field\" placeholder=\"\" data-type=\"text\" data-custom-id=\"bfa03f0\">\n\t\t\t\t<\/div>\n\t\t\t\t<div id=\"raven-field-group-43e3476\" class=\"raven-flex-wrap raven-field-type-textarea raven-field-group elementor-column elementor-col-100 raven-field-required\">\n\t\t\t\t\t<label\n\t\t\tfor=\"form-field-43e3476\"\n\t\t\tclass=\"raven-field-label\">\n\t\t\tVotre message\t\t\t\t\t\t\t<span class=\"required-mark-label\"><\/span>\n\t\t\t\t\t\t<\/label>\n\t\t\t\t<textarea\n\t\t\toninput=\"onInvalidRavenFormField(event)\"\n\t\t\toninvalid=\"onInvalidRavenFormField(event)\"\n\t\t\ttype=\"textarea\" name=\"fields[43e3476]\" id=\"form-field-43e3476\" class=\"raven-field\" placeholder=\"\" data-type=\"textarea\" data-custom-id=\"43e3476\" required=\"required\"\t\t\trows=\"6\"><\/textarea>\n\t\t\t\t<\/div>\n\t\t\t\t<div id=\"raven-field-group-f11d344\" class=\"raven-flex-wrap raven-field-type-file raven-field-group elementor-column elementor-col-100\">\n\t\t\t\t\t<label\n\t\t\tfor=\"form-field-f11d344\"\n\t\t\tclass=\"raven-field-label\">\n\t\t\tFichiers joints\t\t\t\t\t\t<\/label>\n\t\t\t\t<div class=\"raven-field-subgroup \">\n\t\t\t<span class=\"raven-field-option\">\n\t\t\t\t<input\n\t\t\t\t\toninput=\"onInvalidRavenFormField(event)\"\n\t\t\t\t\toninvalid=\"onInvalidRavenFormField(event)\"\n\t\t\t\t\ttype=\"file\"\n\t\t\t\t\ttype=\"file\" name=\"fields[f11d344]\" id=\"form-field-f11d344\" class=\"raven-field\" placeholder=\"\" data-type=\"file\" data-custom-id=\"field_f11d344\"\t\t\t\t>\n\t\t\t<\/span>\n\t\t<\/div>\n\t\t\t\t<\/div>\n\t\t\t\t\t\t\t<div class=\"raven-field-group raven-field-type-submit-button elementor-column elementor-col-40\">\n\t\t\t\t\t\t\t\t\t<button class=\"raven-submit-button\" type=\"submit\">\n\t\t\t<svg xmlns=\"http:\/\/www.w3.org\/2000\/svg\" id=\"b0ee6703-946c-4f5f-ae27-f7ad9918df64\" data-name=\"Layer 1\" width=\"298.51605mm\" height=\"270.67513mm\" viewBox=\"0 0 846.18723 767.26808\"><polyline points=\"462.553 50 796.187 383.634 462.553 717.268\" style=\"fill:none;stroke:#fff;stroke-linecap:round;stroke-linejoin:round;stroke-width:100px\"><\/polyline><polyline points=\"50 50 383.634 383.634 50 717.268\" style=\"fill:none;stroke:#fff;stroke-linecap:round;stroke-linejoin:round;stroke-width:100px\"><\/polyline><\/svg>\t\t\t<span>ENVOYER UN COURRIER \u00c9LECTRONIQUE<\/span>\n\t\t<\/button>\n\t\t\t\t\t\t\t<\/div>\n\t\t\t\t<input\n                    class=\"apbct_special_field apbct_email_id__elementor_form\"\n                    name=\"apbct__email_id__elementor_form\"\n                    aria-label=\"apbct__label_id__elementor_form\"\n                    type=\"text\" size=\"30\" maxlength=\"200\" autocomplete=\"off\"\n                    value=\"\"\n                \/><\/form>\n\n\t\t\t\t\t\t\t\t<\/div>\n\t\t\t\t<\/div>\n\t\t\t\t\t<\/div>\n\t\t<\/div>\n\t\t\t\t<div class=\"elementor-column elementor-col-50 elementor-top-column elementor-element elementor-element-7a1b6270\" data-id=\"7a1b6270\" data-element_type=\"column\" data-e-type=\"column\">\n\t\t\t<div class=\"elementor-widget-wrap elementor-element-populated\">\n\t\t\t\t\t\t<div class=\"elementor-element elementor-element-8a8ec68 elementor-widget elementor-widget-image\" data-id=\"8a8ec68\" data-element_type=\"widget\" data-e-type=\"widget\" data-widget_type=\"image.default\">\n\t\t\t\t<div class=\"elementor-widget-container\">\n\t\t\t\t\t\t\t\t\t\t\t\t\t\t\t<img fetchpriority=\"high\" decoding=\"async\" width=\"600\" height=\"394\" src=\"https:\/\/nooteboomshop.com\/wp-content\/uploads\/2023\/03\/officeknt.jpg\" class=\"attachment-large size-large wp-image-6357\" alt=\"\" srcset=\"https:\/\/nooteboomshop.com\/wp-content\/uploads\/2023\/03\/officeknt.jpg 600w, https:\/\/nooteboomshop.com\/wp-content\/uploads\/2023\/03\/officeknt-300x197.jpg 300w\" sizes=\"(max-width: 600px) 100vw, 600px\" \/>\t\t\t\t\t\t\t\t\t\t\t\t\t\t\t<\/div>\n\t\t\t\t<\/div>\n\t\t\t\t<div class=\"elementor-element elementor-element-613aa2e0 elementor-widget elementor-widget-spacer\" data-id=\"613aa2e0\" data-element_type=\"widget\" data-e-type=\"widget\" data-widget_type=\"spacer.default\">\n\t\t\t\t<div class=\"elementor-widget-container\">\n\t\t\t\t\t\t\t<div class=\"elementor-spacer\">\n\t\t\t<div class=\"elementor-spacer-inner\"><\/div>\n\t\t<\/div>\n\t\t\t\t\t\t<\/div>\n\t\t\t\t<\/div>\n\t\t\t\t<div class=\"elementor-element elementor-element-50cb7ac2 elementor-widget elementor-widget-spacer\" data-id=\"50cb7ac2\" data-element_type=\"widget\" data-e-type=\"widget\" data-widget_type=\"spacer.default\">\n\t\t\t\t<div class=\"elementor-widget-container\">\n\t\t\t\t\t\t\t<div class=\"elementor-spacer\">\n\t\t\t<div class=\"elementor-spacer-inner\"><\/div>\n\t\t<\/div>\n\t\t\t\t\t\t<\/div>\n\t\t\t\t<\/div>\n\t\t\t\t<div class=\"elementor-element elementor-element-2b7302c5 elementor-view-stacked elementor-position-inline-start elementor-shape-circle elementor-mobile-position-block-start elementor-widget elementor-widget-icon-box\" data-id=\"2b7302c5\" data-element_type=\"widget\" data-e-type=\"widget\" data-widget_type=\"icon-box.default\">\n\t\t\t\t<div class=\"elementor-widget-container\">\n\t\t\t\t\t\t\t<div class=\"elementor-icon-box-wrapper\">\n\n\t\t\t\t\t\t<div class=\"elementor-icon-box-icon\">\n\t\t\t\t<a href=\"tel:0031307210664\" class=\"elementor-icon\" tabindex=\"-1\" aria-label=\"APPELEZ-NOUS\">\n\t\t\t\t<i aria-hidden=\"true\" class=\"fas fa-phone\"><\/i>\t\t\t\t<\/a>\n\t\t\t<\/div>\n\t\t\t\n\t\t\t\t\t\t<div class=\"elementor-icon-box-content\">\n\n\t\t\t\t\t\t\t\t\t<h3 class=\"elementor-icon-box-title\">\n\t\t\t\t\t\t<a href=\"tel:0031307210664\" >\n\t\t\t\t\t\t\tAPPELEZ-NOUS\t\t\t\t\t\t<\/a>\n\t\t\t\t\t<\/h3>\n\t\t\t\t\n\t\t\t\t\t\t\t\t\t<p class=\"elementor-icon-box-description\">\n\t\t\t\t\t\t+31 (0) 307210664\t\t\t\t\t<\/p>\n\t\t\t\t\n\t\t\t<\/div>\n\t\t\t\n\t\t<\/div>\n\t\t\t\t\t\t<\/div>\n\t\t\t\t<\/div>\n\t\t\t\t<div class=\"elementor-element elementor-element-15caeae elementor-widget elementor-widget-spacer\" data-id=\"15caeae\" data-element_type=\"widget\" data-e-type=\"widget\" data-widget_type=\"spacer.default\">\n\t\t\t\t<div class=\"elementor-widget-container\">\n\t\t\t\t\t\t\t<div class=\"elementor-spacer\">\n\t\t\t<div class=\"elementor-spacer-inner\"><\/div>\n\t\t<\/div>\n\t\t\t\t\t\t<\/div>\n\t\t\t\t<\/div>\n\t\t\t\t<div class=\"elementor-element elementor-element-2035a75 elementor-view-stacked elementor-position-inline-start elementor-shape-circle elementor-mobile-position-block-start elementor-widget elementor-widget-icon-box\" data-id=\"2035a75\" data-element_type=\"widget\" data-e-type=\"widget\" data-widget_type=\"icon-box.default\">\n\t\t\t\t<div class=\"elementor-widget-container\">\n\t\t\t\t\t\t\t<div class=\"elementor-icon-box-wrapper\">\n\n\t\t\t\t\t\t<div class=\"elementor-icon-box-icon\">\n\t\t\t\t<a href=\"mailto:info@nooteboomshop.com\" class=\"elementor-icon\" tabindex=\"-1\" aria-label=\"EMAIL US\">\n\t\t\t\t<i aria-hidden=\"true\" class=\"fas fa-envelope\"><\/i>\t\t\t\t<\/a>\n\t\t\t<\/div>\n\t\t\t\n\t\t\t\t\t\t<div class=\"elementor-icon-box-content\">\n\n\t\t\t\t\t\t\t\t\t<h3 class=\"elementor-icon-box-title\">\n\t\t\t\t\t\t<a href=\"mailto:info@nooteboomshop.com\" >\n\t\t\t\t\t\t\tEMAIL US\t\t\t\t\t\t<\/a>\n\t\t\t\t\t<\/h3>\n\t\t\t\t\n\t\t\t\t\t\t\t\t\t<p class=\"elementor-icon-box-description\">\n\t\t\t\t\t\tinfo@nooteboomshop.com\t\t\t\t\t<\/p>\n\t\t\t\t\n\t\t\t<\/div>\n\t\t\t\n\t\t<\/div>\n\t\t\t\t\t\t<\/div>\n\t\t\t\t<\/div>\n\t\t\t\t<div class=\"elementor-element elementor-element-45af225d elementor-widget elementor-widget-spacer\" data-id=\"45af225d\" data-element_type=\"widget\" data-e-type=\"widget\" data-widget_type=\"spacer.default\">\n\t\t\t\t<div class=\"elementor-widget-container\">\n\t\t\t\t\t\t\t<div class=\"elementor-spacer\">\n\t\t\t<div class=\"elementor-spacer-inner\"><\/div>\n\t\t<\/div>\n\t\t\t\t\t\t<\/div>\n\t\t\t\t<\/div>\n\t\t\t\t<div class=\"elementor-element elementor-element-46a2d1ec elementor-view-stacked elementor-position-inline-start elementor-shape-circle elementor-mobile-position-block-start elementor-widget elementor-widget-icon-box\" data-id=\"46a2d1ec\" data-element_type=\"widget\" data-e-type=\"widget\" data-widget_type=\"icon-box.default\">\n\t\t\t\t<div class=\"elementor-widget-container\">\n\t\t\t\t\t\t\t<div class=\"elementor-icon-box-wrapper\">\n\n\t\t\t\t\t\t<div class=\"elementor-icon-box-icon\">\n\t\t\t\t<span  class=\"elementor-icon\">\n\t\t\t\t<i aria-hidden=\"true\" class=\"far fa-clock\"><\/i>\t\t\t\t<\/span>\n\t\t\t<\/div>\n\t\t\t\n\t\t\t\t\t\t<div class=\"elementor-icon-box-content\">\n\n\t\t\t\t\t\t\t\t\t<h3 class=\"elementor-icon-box-title\">\n\t\t\t\t\t\t<span  >\n\t\t\t\t\t\t\tHEURE D'OUVERTURE\t\t\t\t\t\t<\/span>\n\t\t\t\t\t<\/h3>\n\t\t\t\t\n\t\t\t\t\t\t\t\t\t<p class=\"elementor-icon-box-description\">\n\t\t\t\t\t\t08:30 - 17:30 (CET)<br>\nAppelez-nous pour prendre rendez-vous\t\t\t\t\t<\/p>\n\t\t\t\t\n\t\t\t<\/div>\n\t\t\t\n\t\t<\/div>\n\t\t\t\t\t\t<\/div>\n\t\t\t\t<\/div>\n\t\t\t\t<div class=\"elementor-element elementor-element-260ba28f elementor-widget elementor-widget-spacer\" data-id=\"260ba28f\" data-element_type=\"widget\" data-e-type=\"widget\" data-widget_type=\"spacer.default\">\n\t\t\t\t<div class=\"elementor-widget-container\">\n\t\t\t\t\t\t\t<div class=\"elementor-spacer\">\n\t\t\t<div class=\"elementor-spacer-inner\"><\/div>\n\t\t<\/div>\n\t\t\t\t\t\t<\/div>\n\t\t\t\t<\/div>\n\t\t\t\t<div class=\"elementor-element elementor-element-443b3de9 elementor-view-stacked elementor-position-inline-start elementor-shape-circle elementor-mobile-position-block-start elementor-widget elementor-widget-icon-box\" data-id=\"443b3de9\" data-element_type=\"widget\" data-e-type=\"widget\" data-widget_type=\"icon-box.default\">\n\t\t\t\t<div class=\"elementor-widget-container\">\n\t\t\t\t\t\t\t<div class=\"elementor-icon-box-wrapper\">\n\n\t\t\t\t\t\t<div class=\"elementor-icon-box-icon\">\n\t\t\t\t<span  class=\"elementor-icon\">\n\t\t\t\t<i aria-hidden=\"true\" class=\"fas fa-map-marker-alt\"><\/i>\t\t\t\t<\/span>\n\t\t\t<\/div>\n\t\t\t\n\t\t\t\t\t\t<div class=\"elementor-icon-box-content\">\n\n\t\t\t\t\t\t\t\t\t<h3 class=\"elementor-icon-box-title\">\n\t\t\t\t\t\t<span  >\n\t\t\t\t\t\t\tADRESSE\t\t\t\t\t\t<\/span>\n\t\t\t\t\t<\/h3>\n\t\t\t\t\n\t\t\t\t\t\t\t\t\t<p class=\"elementor-icon-box-description\">\n\t\t\t\t\t\tPeppelkade 23, 3992 AL Houten<br>\nLes Pays-Bas\t\t\t\t\t<\/p>\n\t\t\t\t\n\t\t\t<\/div>\n\t\t\t\n\t\t<\/div>\n\t\t\t\t\t\t<\/div>\n\t\t\t\t<\/div>\n\t\t\t\t\t<\/div>\n\t\t<\/div>\n\t\t\t\t\t<\/div>\n\t\t<\/section>\n\t\t\t\t<\/div>\n\t\t","protected":false},"excerpt":{"rendered":"<p>Contactez nous Si vous avez des questions, si vous souhaitez faire des commentaires, des compliments, des plaintes ou si vous voulez demander des informations sur les produits ou les services de Nooteboom shop, veuillez nous contacter en remplissant le formulaire de contact. Lors du d\u00e9p\u00f4t d&rsquo;une plainte, il est obligatoire d&rsquo;ajouter une photo. Si vous [&hellip;]<\/p>\n","protected":false},"author":1,"featured_media":0,"parent":0,"menu_order":0,"comment_status":"closed","ping_status":"closed","template":"full-width.php","meta":{"_acf_changed":false,"footnotes":""},"class_list":["post-6773","page","type-page","status-publish","hentry"],"acf":[],"_links":{"self":[{"href":"https:\/\/nooteboomshop.com\/fr\/wp-json\/wp\/v2\/pages\/6773","targetHints":{"allow":["GET"]}}],"collection":[{"href":"https:\/\/nooteboomshop.com\/fr\/wp-json\/wp\/v2\/pages"}],"about":[{"href":"https:\/\/nooteboomshop.com\/fr\/wp-json\/wp\/v2\/types\/page"}],"author":[{"embeddable":true,"href":"https:\/\/nooteboomshop.com\/fr\/wp-json\/wp\/v2\/users\/1"}],"replies":[{"embeddable":true,"href":"https:\/\/nooteboomshop.com\/fr\/wp-json\/wp\/v2\/comments?post=6773"}],"version-history":[{"count":2,"href":"https:\/\/nooteboomshop.com\/fr\/wp-json\/wp\/v2\/pages\/6773\/revisions"}],"predecessor-version":[{"id":11826,"href":"https:\/\/nooteboomshop.com\/fr\/wp-json\/wp\/v2\/pages\/6773\/revisions\/11826"}],"wp:attachment":[{"href":"https:\/\/nooteboomshop.com\/fr\/wp-json\/wp\/v2\/media?parent=6773"}],"curies":[{"name":"wp","href":"https:\/\/api.w.org\/{rel}","templated":true}]}}